{"id":2064,"date":"2026-03-02T19:08:49","date_gmt":"2026-03-02T17:08:49","guid":{"rendered":"https:\/\/leiuministeerium.ee\/product\/jacobs-origins-brasiilia-1-kg-kohvioadtarne-kuni-14p\/"},"modified":"2026-03-02T19:09:04","modified_gmt":"2026-03-02T17:09:04","slug":"jacobs-origins-brasiilia-1-kg-kohvioadtarne-kuni-14p","status":"publish","type":"product","link":"https:\/\/leiuministeerium.ee\/en\/product\/jacobs-origins-brasiilia-1-kg-kohvioadtarne-kuni-14p\/","title":{"rendered":"Jacobs Origins Brasiilia 1 kg kohvioad\n(Tarne kuni 14p)"},"content":{"rendered":"<p>Ainulaadne magus ja p\u00e4hkline kohvielamus Brasiiliast.<\/p>\n<p>Jacobsi p\u00e4ritoluriikidest hoolikalt valitud ja ideaalselt r\u00f6stitud oad loovad aromaatse koostise, mis peegeldab mitmekesiseid kohvimaitseelamusi \u00fcle kogu maailma.<\/p>\n<p>Maheda maitsega, puuviljase ja p\u00e4hklise j\u00e4relmaitsega.<\/p>\n<p>Intensiivsus 4\/10.<\/p>","protected":false},"excerpt":{"rendered":"<p>Ainulaadne magus ja p\u00e4hkline kohvielamus Brasiiliast. Jacobsi p\u00e4ritoluriikidest hoolikalt valitud ja ideaalselt r\u00f6stitud oad loovad aromaatse koostise, mis peegeldab mitmekesiseid kohvimaitseelamusi \u00fcle kogu maailma. Maheda maitsega, puuviljase ja p\u00e4hklise j\u00e4relmaitsega. Intensiivsus 4\/10.<\/p>","protected":false},"featured_media":2063,"comment_status":"open","ping_status":"closed","template":"","meta":[],"product_brand":[],"product_cat":[74,53],"product_tag":[],"class_list":{"0":"post-2064","1":"product","2":"type-product","3":"status-publish","4":"has-post-thumbnail","6":"product_cat-kohvioad","7":"product_cat-toit-ja-toiduained","9":"first","10":"instock","11":"shipping-taxable","12":"purchasable","13":"product-type-simple"},"aioseo_notices":[],"jetpack_sharing_enabled":true,"_links":{"self":[{"href":"https:\/\/leiuministeerium.ee\/en\/wp-json\/wp\/v2\/product\/2064"}],"collection":[{"href":"https:\/\/leiuministeerium.ee\/en\/wp-json\/wp\/v2\/product"}],"about":[{"href":"https:\/\/leiuministeerium.ee\/en\/wp-json\/wp\/v2\/types\/product"}],"replies":[{"embeddable":true,"href":"https:\/\/leiuministeerium.ee\/en\/wp-json\/wp\/v2\/comments?post=2064"}],"wp:featuredmedia":[{"embeddable":true,"href":"https:\/\/leiuministeerium.ee\/en\/wp-json\/wp\/v2\/media\/2063"}],"wp:attachment":[{"href":"https:\/\/leiuministeerium.ee\/en\/wp-json\/wp\/v2\/media?parent=2064"}],"wp:term":[{"taxonomy":"product_brand","embeddable":true,"href":"https:\/\/leiuministeerium.ee\/en\/wp-json\/wp\/v2\/product_brand?post=2064"},{"taxonomy":"product_cat","embeddable":true,"href":"https:\/\/leiuministeerium.ee\/en\/wp-json\/wp\/v2\/product_cat?post=2064"},{"taxonomy":"product_tag","embeddable":true,"href":"https:\/\/leiuministeerium.ee\/en\/wp-json\/wp\/v2\/product_tag?post=2064"}],"curies":[{"name":"wp","href":"https:\/\/api.w.org\/{rel}","templated":true}]}}