{"id":2062,"date":"2026-03-02T19:04:38","date_gmt":"2026-03-02T17:04:38","guid":{"rendered":"https:\/\/leiuministeerium.ee\/product\/jacobsi-crema-intensiv1kg-ubatarne-kuni-14p\/"},"modified":"2026-03-02T19:04:52","modified_gmt":"2026-03-02T17:04:52","slug":"jacobsi-crema-intensiv1kg-ubatarne-kuni-14p","status":"publish","type":"product","link":"https:\/\/leiuministeerium.ee\/en\/product\/jacobsi-crema-intensiv1kg-ubatarne-kuni-14p\/","title":{"rendered":"Jacobsi  Crema Intensiv\n1kg.Uba\n(Tarne kuni 14p)"},"content":{"rendered":"<p>J\u00f5uline ja aromaatne.<br \/>\nImeliselt intensiivne segu, mis \u00fchendab kergeid sarapuup\u00e4hkli noote kakao vihjega.<\/p>","protected":false},"excerpt":{"rendered":"<p>J\u00f5uline ja aromaatne. Imeliselt intensiivne segu, mis \u00fchendab kergeid sarapuup\u00e4hkli noote kakao vihjega.<\/p>","protected":false},"featured_media":2061,"comment_status":"open","ping_status":"closed","template":"","meta":[],"product_brand":[],"product_cat":[74,53],"product_tag":[],"class_list":{"0":"post-2062","1":"product","2":"type-product","3":"status-publish","4":"has-post-thumbnail","6":"product_cat-kohvioad","7":"product_cat-toit-ja-toiduained","9":"first","10":"instock","11":"shipping-taxable","12":"purchasable","13":"product-type-simple"},"aioseo_notices":[],"jetpack_sharing_enabled":true,"_links":{"self":[{"href":"https:\/\/leiuministeerium.ee\/en\/wp-json\/wp\/v2\/product\/2062"}],"collection":[{"href":"https:\/\/leiuministeerium.ee\/en\/wp-json\/wp\/v2\/product"}],"about":[{"href":"https:\/\/leiuministeerium.ee\/en\/wp-json\/wp\/v2\/types\/product"}],"replies":[{"embeddable":true,"href":"https:\/\/leiuministeerium.ee\/en\/wp-json\/wp\/v2\/comments?post=2062"}],"wp:featuredmedia":[{"embeddable":true,"href":"https:\/\/leiuministeerium.ee\/en\/wp-json\/wp\/v2\/media\/2061"}],"wp:attachment":[{"href":"https:\/\/leiuministeerium.ee\/en\/wp-json\/wp\/v2\/media?parent=2062"}],"wp:term":[{"taxonomy":"product_brand","embeddable":true,"href":"https:\/\/leiuministeerium.ee\/en\/wp-json\/wp\/v2\/product_brand?post=2062"},{"taxonomy":"product_cat","embeddable":true,"href":"https:\/\/leiuministeerium.ee\/en\/wp-json\/wp\/v2\/product_cat?post=2062"},{"taxonomy":"product_tag","embeddable":true,"href":"https:\/\/leiuministeerium.ee\/en\/wp-json\/wp\/v2\/product_tag?post=2062"}],"curies":[{"name":"wp","href":"https:\/\/api.w.org\/{rel}","templated":true}]}}