{"id":2060,"date":"2026-03-02T19:02:54","date_gmt":"2026-03-02T17:02:54","guid":{"rendered":"https:\/\/leiuministeerium.ee\/product\/jacobs-barista-editions-crema-terved-oad1kg-tarne-kuni-14p\/"},"modified":"2026-03-02T19:03:07","modified_gmt":"2026-03-02T17:03:07","slug":"jacobs-barista-editions-crema-terved-oad1kg-tarne-kuni-14p","status":"publish","type":"product","link":"https:\/\/leiuministeerium.ee\/en\/product\/jacobs-barista-editions-crema-terved-oad1kg-tarne-kuni-14p\/","title":{"rendered":"Jacobs Barista Editions Crema terved oad\n1kg.\n(Tarne kuni 14p)"},"content":{"rendered":"<p>Jacobsi Barista Crema kohvioad sobivad ideaalselt caff\u00e8 crema, caff\u00e8 latte v\u00f5i caff\u00e8 au lait&#8217; valmistamiseks. Barista Edition on spetsiaalselt baristadele loodud! Kvaliteetne kohv suurep\u00e4rase hinnaga. Trummelr\u00f6stitud, et saada pehme ja tasakaalustatud kohv, on need oad maitsvad, peene tsitruselise noodiga. Need sobivad kasutamiseks kohvimasinas, prantsuse pressis v\u00f5i filterkohvimasinas.<\/p>","protected":false},"excerpt":{"rendered":"<p>Jacobsi Barista Crema kohvioad sobivad ideaalselt caff\u00e8 crema, caff\u00e8 latte v\u00f5i caff\u00e8 au lait&#8217; valmistamiseks. Barista Edition on spetsiaalselt baristadele loodud! Kvaliteetne kohv suurep\u00e4rase hinnaga. Trummelr\u00f6stitud, et saada pehme ja tasakaalustatud kohv, on need oad maitsvad, peene tsitruselise noodiga. Need sobivad kasutamiseks kohvimasinas, prantsuse pressis v\u00f5i filterkohvimasinas.<\/p>","protected":false},"featured_media":2059,"comment_status":"open","ping_status":"closed","template":"","meta":[],"product_brand":[],"product_cat":[74,53],"product_tag":[],"class_list":{"0":"post-2060","1":"product","2":"type-product","3":"status-publish","4":"has-post-thumbnail","6":"product_cat-kohvioad","7":"product_cat-toit-ja-toiduained","9":"first","10":"instock","11":"shipping-taxable","12":"purchasable","13":"product-type-simple"},"aioseo_notices":[],"jetpack_sharing_enabled":true,"_links":{"self":[{"href":"https:\/\/leiuministeerium.ee\/en\/wp-json\/wp\/v2\/product\/2060"}],"collection":[{"href":"https:\/\/leiuministeerium.ee\/en\/wp-json\/wp\/v2\/product"}],"about":[{"href":"https:\/\/leiuministeerium.ee\/en\/wp-json\/wp\/v2\/types\/product"}],"replies":[{"embeddable":true,"href":"https:\/\/leiuministeerium.ee\/en\/wp-json\/wp\/v2\/comments?post=2060"}],"wp:featuredmedia":[{"embeddable":true,"href":"https:\/\/leiuministeerium.ee\/en\/wp-json\/wp\/v2\/media\/2059"}],"wp:attachment":[{"href":"https:\/\/leiuministeerium.ee\/en\/wp-json\/wp\/v2\/media?parent=2060"}],"wp:term":[{"taxonomy":"product_brand","embeddable":true,"href":"https:\/\/leiuministeerium.ee\/en\/wp-json\/wp\/v2\/product_brand?post=2060"},{"taxonomy":"product_cat","embeddable":true,"href":"https:\/\/leiuministeerium.ee\/en\/wp-json\/wp\/v2\/product_cat?post=2060"},{"taxonomy":"product_tag","embeddable":true,"href":"https:\/\/leiuministeerium.ee\/en\/wp-json\/wp\/v2\/product_tag?post=2060"}],"curies":[{"name":"wp","href":"https:\/\/api.w.org\/{rel}","templated":true}]}}