{"id":2058,"date":"2026-03-02T18:59:41","date_gmt":"2026-03-02T16:59:41","guid":{"rendered":"https:\/\/leiuministeerium.ee\/product\/jacobsi-ekspertrostitud-espresso-1-kilo-taisoadtarne-kuni-14p\/"},"modified":"2026-03-02T19:01:44","modified_gmt":"2026-03-02T17:01:44","slug":"jacobsi-ekspertrostitud-espresso-1-kilo-taisoadtarne-kuni-14p","status":"publish","type":"product","link":"https:\/\/leiuministeerium.ee\/en\/product\/jacobsi-ekspertrostitud-espresso-1-kilo-taisoadtarne-kuni-14p\/","title":{"rendered":"Jacobsi ekspertr\u00f6stitud espresso 1 kilo t\u00e4isoad\n\n(Tarne kuni 14p)"},"content":{"rendered":"<p>Jacobsi espressooad on traditsioonilises trummelr\u00f6stimismasinas tumedalt r\u00f6stitud, mille tulemuseks on intensiivne ja v\u00fcrtsikas maitseprofiil. Kogege erinevate riikide valitud kohvide maitset, mis on harmooniliselt segatud selle rikkaliku ja v\u00fcrtsikate nootidega espresso jaoks. Need espressooad sobivad kasutamiseks kohvimasinates.<\/p>","protected":false},"excerpt":{"rendered":"<p>Jacobsi espressooad on traditsioonilises trummelr\u00f6stimismasinas tumedalt r\u00f6stitud, mille tulemuseks on intensiivne ja v\u00fcrtsikas maitseprofiil. Kogege erinevate riikide valitud kohvide maitset, mis on harmooniliselt segatud selle rikkaliku ja v\u00fcrtsikate nootidega espresso jaoks. Need espressooad sobivad kasutamiseks kohvimasinates.<\/p>","protected":false},"featured_media":2057,"comment_status":"open","ping_status":"closed","template":"","meta":[],"product_brand":[],"product_cat":[74,53],"product_tag":[],"class_list":{"0":"post-2058","1":"product","2":"type-product","3":"status-publish","4":"has-post-thumbnail","6":"product_cat-kohvioad","7":"product_cat-toit-ja-toiduained","9":"first","10":"instock","11":"shipping-taxable","12":"purchasable","13":"product-type-simple"},"aioseo_notices":[],"jetpack_sharing_enabled":true,"_links":{"self":[{"href":"https:\/\/leiuministeerium.ee\/en\/wp-json\/wp\/v2\/product\/2058"}],"collection":[{"href":"https:\/\/leiuministeerium.ee\/en\/wp-json\/wp\/v2\/product"}],"about":[{"href":"https:\/\/leiuministeerium.ee\/en\/wp-json\/wp\/v2\/types\/product"}],"replies":[{"embeddable":true,"href":"https:\/\/leiuministeerium.ee\/en\/wp-json\/wp\/v2\/comments?post=2058"}],"wp:featuredmedia":[{"embeddable":true,"href":"https:\/\/leiuministeerium.ee\/en\/wp-json\/wp\/v2\/media\/2057"}],"wp:attachment":[{"href":"https:\/\/leiuministeerium.ee\/en\/wp-json\/wp\/v2\/media?parent=2058"}],"wp:term":[{"taxonomy":"product_brand","embeddable":true,"href":"https:\/\/leiuministeerium.ee\/en\/wp-json\/wp\/v2\/product_brand?post=2058"},{"taxonomy":"product_cat","embeddable":true,"href":"https:\/\/leiuministeerium.ee\/en\/wp-json\/wp\/v2\/product_cat?post=2058"},{"taxonomy":"product_tag","embeddable":true,"href":"https:\/\/leiuministeerium.ee\/en\/wp-json\/wp\/v2\/product_tag?post=2058"}],"curies":[{"name":"wp","href":"https:\/\/api.w.org\/{rel}","templated":true}]}}