{"id":2056,"date":"2026-03-02T18:57:42","date_gmt":"2026-03-02T16:57:42","guid":{"rendered":"https:\/\/leiuministeerium.ee\/product\/jacobs-crema-gold-kohv-1-kilotarne-kuni-14p\/"},"modified":"2026-03-02T18:57:54","modified_gmt":"2026-03-02T16:57:54","slug":"jacobs-crema-gold-kohv-1-kilotarne-kuni-14p","status":"publish","type":"product","link":"https:\/\/leiuministeerium.ee\/en\/product\/jacobs-crema-gold-kohv-1-kilotarne-kuni-14p\/","title":{"rendered":"Jacobs Crema Gold  kohv 1 kilo\n\n(Tarne kuni 14p)"},"content":{"rendered":"<p>Jacobs Expert Roast Crema kohviube iseloomustavad hoolikalt valitud kohvisordid erinevatest riikidest, mis on harmooniliselt kombineeritud, et luua see t\u00e4iuslik ja tasakaalustatud segu. Meie r\u00f6stimismeistrid pakuvad ainulaadset kohvikogemust maagilise aroomiga, mis saavutatakse kohviubade optimaalse keskmise pruuni r\u00f6stimise teel \u00f5rnas trummelr\u00f6stimismasinas. Jacobs Expert Roast Crema kohvioad sobivad valmistamiseks t\u00e4isautomaatsetes kohvimasinates.<\/p>","protected":false},"excerpt":{"rendered":"<p>Jacobs Expert Roast Crema kohviube iseloomustavad hoolikalt valitud kohvisordid erinevatest riikidest, mis on harmooniliselt kombineeritud, et luua see t\u00e4iuslik ja tasakaalustatud segu. Meie r\u00f6stimismeistrid pakuvad ainulaadset kohvikogemust maagilise aroomiga, mis saavutatakse kohviubade optimaalse keskmise pruuni r\u00f6stimise teel \u00f5rnas trummelr\u00f6stimismasinas. Jacobs Expert Roast Crema kohvioad sobivad valmistamiseks t\u00e4isautomaatsetes kohvimasinates.<\/p>","protected":false},"featured_media":2055,"comment_status":"open","ping_status":"closed","template":"","meta":[],"product_brand":[],"product_cat":[74,53],"product_tag":[],"class_list":{"0":"post-2056","1":"product","2":"type-product","3":"status-publish","4":"has-post-thumbnail","6":"product_cat-kohvioad","7":"product_cat-toit-ja-toiduained","9":"first","10":"instock","11":"shipping-taxable","12":"purchasable","13":"product-type-simple"},"aioseo_notices":[],"jetpack_sharing_enabled":true,"_links":{"self":[{"href":"https:\/\/leiuministeerium.ee\/en\/wp-json\/wp\/v2\/product\/2056"}],"collection":[{"href":"https:\/\/leiuministeerium.ee\/en\/wp-json\/wp\/v2\/product"}],"about":[{"href":"https:\/\/leiuministeerium.ee\/en\/wp-json\/wp\/v2\/types\/product"}],"replies":[{"embeddable":true,"href":"https:\/\/leiuministeerium.ee\/en\/wp-json\/wp\/v2\/comments?post=2056"}],"wp:featuredmedia":[{"embeddable":true,"href":"https:\/\/leiuministeerium.ee\/en\/wp-json\/wp\/v2\/media\/2055"}],"wp:attachment":[{"href":"https:\/\/leiuministeerium.ee\/en\/wp-json\/wp\/v2\/media?parent=2056"}],"wp:term":[{"taxonomy":"product_brand","embeddable":true,"href":"https:\/\/leiuministeerium.ee\/en\/wp-json\/wp\/v2\/product_brand?post=2056"},{"taxonomy":"product_cat","embeddable":true,"href":"https:\/\/leiuministeerium.ee\/en\/wp-json\/wp\/v2\/product_cat?post=2056"},{"taxonomy":"product_tag","embeddable":true,"href":"https:\/\/leiuministeerium.ee\/en\/wp-json\/wp\/v2\/product_tag?post=2056"}],"curies":[{"name":"wp","href":"https:\/\/api.w.org\/{rel}","templated":true}]}}