{"id":2048,"date":"2026-03-02T18:51:10","date_gmt":"2026-03-02T16:51:10","guid":{"rendered":"https:\/\/leiuministeerium.ee\/product\/jacobs-kronung-crema-1-kilo-tervet-ubatarne-kuni-14p\/"},"modified":"2026-03-02T18:51:10","modified_gmt":"2026-03-02T16:51:10","slug":"jacobs-kronung-crema-1-kilo-tervet-ubatarne-kuni-14p","status":"publish","type":"product","link":"https:\/\/leiuministeerium.ee\/en\/product\/jacobs-kronung-crema-1-kilo-tervet-ubatarne-kuni-14p\/","title":{"rendered":"Jacobs Kr\u00f6nung Crema 1 kilo tervet uba\n(Tarne kuni 14p)"},"content":{"rendered":"<p>Jacobs Kr\u00f6ning Caff\u00e8 Crema pakub \u00f5rna ja maitsvat klassikalist cremat v\u00e4rskelt valmistatud kohvi jaoks. Caff\u00e8 Cremat iseloomustab tasakaalustatud ja mahe maitse.<\/p>","protected":false},"excerpt":{"rendered":"<p>Jacobs Kr\u00f6ning Caff\u00e8 Crema pakub \u00f5rna ja maitsvat klassikalist cremat v\u00e4rskelt valmistatud kohvi jaoks. Caff\u00e8 Cremat iseloomustab tasakaalustatud ja mahe maitse.<\/p>","protected":false},"featured_media":2047,"comment_status":"open","ping_status":"closed","template":"","meta":[],"product_brand":[],"product_cat":[15],"product_tag":[],"class_list":{"0":"post-2048","1":"product","2":"type-product","3":"status-publish","4":"has-post-thumbnail","6":"product_cat-ilma-kategoorita","8":"first","9":"instock","10":"sale","11":"shipping-taxable","12":"purchasable","13":"product-type-simple"},"aioseo_notices":[],"jetpack_sharing_enabled":true,"_links":{"self":[{"href":"https:\/\/leiuministeerium.ee\/en\/wp-json\/wp\/v2\/product\/2048"}],"collection":[{"href":"https:\/\/leiuministeerium.ee\/en\/wp-json\/wp\/v2\/product"}],"about":[{"href":"https:\/\/leiuministeerium.ee\/en\/wp-json\/wp\/v2\/types\/product"}],"replies":[{"embeddable":true,"href":"https:\/\/leiuministeerium.ee\/en\/wp-json\/wp\/v2\/comments?post=2048"}],"wp:featuredmedia":[{"embeddable":true,"href":"https:\/\/leiuministeerium.ee\/en\/wp-json\/wp\/v2\/media\/2047"}],"wp:attachment":[{"href":"https:\/\/leiuministeerium.ee\/en\/wp-json\/wp\/v2\/media?parent=2048"}],"wp:term":[{"taxonomy":"product_brand","embeddable":true,"href":"https:\/\/leiuministeerium.ee\/en\/wp-json\/wp\/v2\/product_brand?post=2048"},{"taxonomy":"product_cat","embeddable":true,"href":"https:\/\/leiuministeerium.ee\/en\/wp-json\/wp\/v2\/product_cat?post=2048"},{"taxonomy":"product_tag","embeddable":true,"href":"https:\/\/leiuministeerium.ee\/en\/wp-json\/wp\/v2\/product_tag?post=2048"}],"curies":[{"name":"wp","href":"https:\/\/api.w.org\/{rel}","templated":true}]}}