{"id":2046,"date":"2026-03-02T18:49:35","date_gmt":"2026-03-02T16:49:35","guid":{"rendered":"https:\/\/leiuministeerium.ee\/product\/lavazza-espresso-barista-intenso-kohvioad1kg-tarne-kuni-14p\/"},"modified":"2026-03-02T18:49:45","modified_gmt":"2026-03-02T16:49:45","slug":"lavazza-espresso-barista-intenso-kohvioad1kg-tarne-kuni-14p","status":"publish","type":"product","link":"https:\/\/leiuministeerium.ee\/en\/product\/lavazza-espresso-barista-intenso-kohvioad1kg-tarne-kuni-14p\/","title":{"rendered":"Lavazza espresso barista intenso &#8211; kohvioad\n1kg.\n(Tarne kuni 14p.)"},"content":{"rendered":"<p>Lavazza Espresso Barista Intenso on Lavazza tippkvaliteediga kohvi valmistamise oskusteabe t\u00e4iuslik tulemus. See toob barista kogemuse otse teie koju! Valik maitsvaid segusid, mis on \u00f5rnalt r\u00f6stitud, et anda edasi Itaalia barista aroomi!<\/p>","protected":false},"excerpt":{"rendered":"<p>Lavazza Espresso Barista Intenso on Lavazza tippkvaliteediga kohvi valmistamise oskusteabe t\u00e4iuslik tulemus. See toob barista kogemuse otse teie koju! Valik maitsvaid segusid, mis on \u00f5rnalt r\u00f6stitud, et anda edasi Itaalia barista aroomi!<\/p>","protected":false},"featured_media":2045,"comment_status":"open","ping_status":"closed","template":"","meta":[],"product_brand":[],"product_cat":[74,53],"product_tag":[],"class_list":{"0":"post-2046","1":"product","2":"type-product","3":"status-publish","4":"has-post-thumbnail","6":"product_cat-kohvioad","7":"product_cat-toit-ja-toiduained","9":"first","10":"instock","11":"sale","12":"shipping-taxable","13":"purchasable","14":"product-type-simple"},"aioseo_notices":[],"jetpack_sharing_enabled":true,"_links":{"self":[{"href":"https:\/\/leiuministeerium.ee\/en\/wp-json\/wp\/v2\/product\/2046"}],"collection":[{"href":"https:\/\/leiuministeerium.ee\/en\/wp-json\/wp\/v2\/product"}],"about":[{"href":"https:\/\/leiuministeerium.ee\/en\/wp-json\/wp\/v2\/types\/product"}],"replies":[{"embeddable":true,"href":"https:\/\/leiuministeerium.ee\/en\/wp-json\/wp\/v2\/comments?post=2046"}],"wp:featuredmedia":[{"embeddable":true,"href":"https:\/\/leiuministeerium.ee\/en\/wp-json\/wp\/v2\/media\/2045"}],"wp:attachment":[{"href":"https:\/\/leiuministeerium.ee\/en\/wp-json\/wp\/v2\/media?parent=2046"}],"wp:term":[{"taxonomy":"product_brand","embeddable":true,"href":"https:\/\/leiuministeerium.ee\/en\/wp-json\/wp\/v2\/product_brand?post=2046"},{"taxonomy":"product_cat","embeddable":true,"href":"https:\/\/leiuministeerium.ee\/en\/wp-json\/wp\/v2\/product_cat?post=2046"},{"taxonomy":"product_tag","embeddable":true,"href":"https:\/\/leiuministeerium.ee\/en\/wp-json\/wp\/v2\/product_tag?post=2046"}],"curies":[{"name":"wp","href":"https:\/\/api.w.org\/{rel}","templated":true}]}}