{"id":2040,"date":"2026-03-02T18:44:44","date_gmt":"2026-03-02T16:44:44","guid":{"rendered":"https:\/\/leiuministeerium.ee\/product\/lazarro-kreem-schumli-kohvioad1kg-tarne-kuni-14p\/"},"modified":"2026-03-02T18:44:55","modified_gmt":"2026-03-02T16:44:55","slug":"lazarro-kreem-schumli-kohvioad1kg-tarne-kuni-14p","status":"publish","type":"product","link":"https:\/\/leiuministeerium.ee\/en\/product\/lazarro-kreem-schumli-kohvioad1kg-tarne-kuni-14p\/","title":{"rendered":"Lazarro kreem Sch\u00fcmli kohvioad\n1kg.\n(Tarne kuni 14p.)"},"content":{"rendered":"<p>Lazarro Crema Sch\u00fcmli on r\u00f6stitud \u0160veitsi traditsioonide j\u00e4rgi. Sellel on ilus crema ja t\u00e4idlane maitse. Suurep\u00e4rane cappuccino. Ideaalne koju v\u00f5i t\u00f6\u00f6le. Lazarro Sch\u00fcmli on universaalne kohv!<\/p>","protected":false},"excerpt":{"rendered":"<p>Lazarro Crema Sch\u00fcmli on r\u00f6stitud \u0160veitsi traditsioonide j\u00e4rgi. Sellel on ilus crema ja t\u00e4idlane maitse. Suurep\u00e4rane cappuccino. Ideaalne koju v\u00f5i t\u00f6\u00f6le. Lazarro Sch\u00fcmli on universaalne kohv!<\/p>","protected":false},"featured_media":2039,"comment_status":"open","ping_status":"closed","template":"","meta":[],"product_brand":[],"product_cat":[74,53],"product_tag":[],"class_list":{"0":"post-2040","1":"product","2":"type-product","3":"status-publish","4":"has-post-thumbnail","6":"product_cat-kohvioad","7":"product_cat-toit-ja-toiduained","9":"first","10":"instock","11":"sale","12":"shipping-taxable","13":"purchasable","14":"product-type-simple"},"aioseo_notices":[],"jetpack_sharing_enabled":true,"_links":{"self":[{"href":"https:\/\/leiuministeerium.ee\/en\/wp-json\/wp\/v2\/product\/2040"}],"collection":[{"href":"https:\/\/leiuministeerium.ee\/en\/wp-json\/wp\/v2\/product"}],"about":[{"href":"https:\/\/leiuministeerium.ee\/en\/wp-json\/wp\/v2\/types\/product"}],"replies":[{"embeddable":true,"href":"https:\/\/leiuministeerium.ee\/en\/wp-json\/wp\/v2\/comments?post=2040"}],"wp:featuredmedia":[{"embeddable":true,"href":"https:\/\/leiuministeerium.ee\/en\/wp-json\/wp\/v2\/media\/2039"}],"wp:attachment":[{"href":"https:\/\/leiuministeerium.ee\/en\/wp-json\/wp\/v2\/media?parent=2040"}],"wp:term":[{"taxonomy":"product_brand","embeddable":true,"href":"https:\/\/leiuministeerium.ee\/en\/wp-json\/wp\/v2\/product_brand?post=2040"},{"taxonomy":"product_cat","embeddable":true,"href":"https:\/\/leiuministeerium.ee\/en\/wp-json\/wp\/v2\/product_cat?post=2040"},{"taxonomy":"product_tag","embeddable":true,"href":"https:\/\/leiuministeerium.ee\/en\/wp-json\/wp\/v2\/product_tag?post=2040"}],"curies":[{"name":"wp","href":"https:\/\/api.w.org\/{rel}","templated":true}]}}