{"id":2038,"date":"2026-03-02T18:43:01","date_gmt":"2026-03-02T16:43:01","guid":{"rendered":"https:\/\/leiuministeerium.ee\/product\/lazarro-espresso-tume-rost-kohvioad1kg-tarne-kuni-14p\/"},"modified":"2026-03-02T18:43:19","modified_gmt":"2026-03-02T16:43:19","slug":"lazarro-espresso-tume-rost-kohvioad1kg-tarne-kuni-14p","status":"publish","type":"product","link":"https:\/\/leiuministeerium.ee\/en\/product\/lazarro-espresso-tume-rost-kohvioad1kg-tarne-kuni-14p\/","title":{"rendered":"Lazarro espresso tume r\u00f6st &#8211; kohvioad\n1kg.\n(Tarne kuni 14p.)"},"content":{"rendered":"<p>Lazarro Espresso Dark Roast kohvioad on segu robustast ja arabicast. Nendel tumedalt r\u00f6stitud ubadel on rikkalik, t\u00e4idlane ja iseloomuga maitse. Lazarro Espresso Dark Roast kohvil on ilus crema ja see on v\u00e4ga taskukohane!<\/p>","protected":false},"excerpt":{"rendered":"<p>Lazarro Espresso Dark Roast kohvioad on segu robustast ja arabicast. Nendel tumedalt r\u00f6stitud ubadel on rikkalik, t\u00e4idlane ja iseloomuga maitse. Lazarro Espresso Dark Roast kohvil on ilus crema ja see on v\u00e4ga taskukohane!<\/p>","protected":false},"featured_media":2037,"comment_status":"open","ping_status":"closed","template":"","meta":[],"product_brand":[],"product_cat":[74,53],"product_tag":[],"class_list":{"0":"post-2038","1":"product","2":"type-product","3":"status-publish","4":"has-post-thumbnail","6":"product_cat-kohvioad","7":"product_cat-toit-ja-toiduained","9":"first","10":"instock","11":"sale","12":"shipping-taxable","13":"purchasable","14":"product-type-simple"},"aioseo_notices":[],"jetpack_sharing_enabled":true,"_links":{"self":[{"href":"https:\/\/leiuministeerium.ee\/en\/wp-json\/wp\/v2\/product\/2038"}],"collection":[{"href":"https:\/\/leiuministeerium.ee\/en\/wp-json\/wp\/v2\/product"}],"about":[{"href":"https:\/\/leiuministeerium.ee\/en\/wp-json\/wp\/v2\/types\/product"}],"replies":[{"embeddable":true,"href":"https:\/\/leiuministeerium.ee\/en\/wp-json\/wp\/v2\/comments?post=2038"}],"wp:featuredmedia":[{"embeddable":true,"href":"https:\/\/leiuministeerium.ee\/en\/wp-json\/wp\/v2\/media\/2037"}],"wp:attachment":[{"href":"https:\/\/leiuministeerium.ee\/en\/wp-json\/wp\/v2\/media?parent=2038"}],"wp:term":[{"taxonomy":"product_brand","embeddable":true,"href":"https:\/\/leiuministeerium.ee\/en\/wp-json\/wp\/v2\/product_brand?post=2038"},{"taxonomy":"product_cat","embeddable":true,"href":"https:\/\/leiuministeerium.ee\/en\/wp-json\/wp\/v2\/product_cat?post=2038"},{"taxonomy":"product_tag","embeddable":true,"href":"https:\/\/leiuministeerium.ee\/en\/wp-json\/wp\/v2\/product_tag?post=2038"}],"curies":[{"name":"wp","href":"https:\/\/api.w.org\/{rel}","templated":true}]}}