{"id":2036,"date":"2026-03-02T18:41:13","date_gmt":"2026-03-02T16:41:13","guid":{"rendered":"https:\/\/leiuministeerium.ee\/product\/segafredo-selezione-crema-kohvioad1kg-tarne-kuni-14p\/"},"modified":"2026-03-02T18:41:24","modified_gmt":"2026-03-02T16:41:24","slug":"segafredo-selezione-crema-kohvioad1kg-tarne-kuni-14p","status":"publish","type":"product","link":"https:\/\/leiuministeerium.ee\/en\/product\/segafredo-selezione-crema-kohvioad1kg-tarne-kuni-14p\/","title":{"rendered":"Segafredo selezione crema \u2013 kohvioad\n1kg.\n(Tarne kuni 14p.)"},"content":{"rendered":"<p>Segafredo Selezione Crema on segu Brasiiliast, Costa Ricast ja Elevandiluurannikult p\u00e4rit araabika ja robusta ubadest. See pakub mitmesuguseid aroome, sealhulgas vaniljet, p\u00e4hkleid, mokka ja magusaid puuvilju, koos tumedate kakao nootide ja lagritsavihjega. Seda segu iseloomustab keskmise t\u00e4idlusega ja kergelt terav maitse.<\/p>","protected":false},"excerpt":{"rendered":"<p>Segafredo Selezione Crema on segu Brasiiliast, Costa Ricast ja Elevandiluurannikult p\u00e4rit araabika ja robusta ubadest. See pakub mitmesuguseid aroome, sealhulgas vaniljet, p\u00e4hkleid, mokka ja magusaid puuvilju, koos tumedate kakao nootide ja lagritsavihjega. Seda segu iseloomustab keskmise t\u00e4idlusega ja kergelt terav maitse.<\/p>","protected":false},"featured_media":2035,"comment_status":"open","ping_status":"closed","template":"","meta":[],"product_brand":[],"product_cat":[74,53],"product_tag":[],"class_list":{"0":"post-2036","1":"product","2":"type-product","3":"status-publish","4":"has-post-thumbnail","6":"product_cat-kohvioad","7":"product_cat-toit-ja-toiduained","9":"first","10":"instock","11":"sale","12":"shipping-taxable","13":"purchasable","14":"product-type-simple"},"aioseo_notices":[],"jetpack_sharing_enabled":true,"_links":{"self":[{"href":"https:\/\/leiuministeerium.ee\/en\/wp-json\/wp\/v2\/product\/2036"}],"collection":[{"href":"https:\/\/leiuministeerium.ee\/en\/wp-json\/wp\/v2\/product"}],"about":[{"href":"https:\/\/leiuministeerium.ee\/en\/wp-json\/wp\/v2\/types\/product"}],"replies":[{"embeddable":true,"href":"https:\/\/leiuministeerium.ee\/en\/wp-json\/wp\/v2\/comments?post=2036"}],"wp:featuredmedia":[{"embeddable":true,"href":"https:\/\/leiuministeerium.ee\/en\/wp-json\/wp\/v2\/media\/2035"}],"wp:attachment":[{"href":"https:\/\/leiuministeerium.ee\/en\/wp-json\/wp\/v2\/media?parent=2036"}],"wp:term":[{"taxonomy":"product_brand","embeddable":true,"href":"https:\/\/leiuministeerium.ee\/en\/wp-json\/wp\/v2\/product_brand?post=2036"},{"taxonomy":"product_cat","embeddable":true,"href":"https:\/\/leiuministeerium.ee\/en\/wp-json\/wp\/v2\/product_cat?post=2036"},{"taxonomy":"product_tag","embeddable":true,"href":"https:\/\/leiuministeerium.ee\/en\/wp-json\/wp\/v2\/product_tag?post=2036"}],"curies":[{"name":"wp","href":"https:\/\/api.w.org\/{rel}","templated":true}]}}