{"id":2034,"date":"2026-03-02T18:39:41","date_gmt":"2026-03-02T16:39:41","guid":{"rendered":"https:\/\/leiuministeerium.ee\/product\/lavazza-espresso-italiano-classico-varem-caffe-espresso1kg-tarne-kuni-14p\/"},"modified":"2026-03-02T18:39:55","modified_gmt":"2026-03-02T16:39:55","slug":"lavazza-espresso-italiano-classico-varem-caffe-espresso1kg-tarne-kuni-14p","status":"publish","type":"product","link":"https:\/\/leiuministeerium.ee\/en\/product\/lavazza-espresso-italiano-classico-varem-caffe-espresso1kg-tarne-kuni-14p\/","title":{"rendered":"Lavazza Espresso Italiano Classico (varem Caff\u00e9 Espresso)\n1kg.\n(Tarne kuni 14p.)"},"content":{"rendered":"<p>Lavazza Espresso Italiano Classico on Lavazza t\u00e4iustatud segude valik, et saaksite nautida rikkaliku Itaalia espresso t\u00e4ielikku maitset ja aroomi oma lemmikvalmistusviisis.<\/p>\n<p>Lavazza Espresso Italiano Classico 100% araabika<br \/>\nLavazza Espresso Italiano Classico, endise nimega Lavazza Caff\u00e9 Espresso , on valmistatud 100% arabica ubadest. Need L\u00f5una-Ameerikast p\u00e4rit oad r\u00f6stitakse kergelt, et luua maitsev Itaalia espresso.<\/p>","protected":false},"excerpt":{"rendered":"<p>Lavazza Espresso Italiano Classico on Lavazza t\u00e4iustatud segude valik, et saaksite nautida rikkaliku Itaalia espresso t\u00e4ielikku maitset ja aroomi oma lemmikvalmistusviisis. Lavazza Espresso Italiano Classico 100% araabika Lavazza Espresso Italiano Classico, endise nimega Lavazza Caff\u00e9 Espresso , on valmistatud 100% arabica ubadest. Need L\u00f5una-Ameerikast p\u00e4rit oad r\u00f6stitakse kergelt, et luua maitsev Itaalia espresso.<\/p>","protected":false},"featured_media":2033,"comment_status":"open","ping_status":"closed","template":"","meta":[],"product_brand":[],"product_cat":[74,53],"product_tag":[],"class_list":{"0":"post-2034","1":"product","2":"type-product","3":"status-publish","4":"has-post-thumbnail","6":"product_cat-kohvioad","7":"product_cat-toit-ja-toiduained","9":"first","10":"instock","11":"sale","12":"shipping-taxable","13":"purchasable","14":"product-type-simple"},"aioseo_notices":[],"jetpack_sharing_enabled":true,"_links":{"self":[{"href":"https:\/\/leiuministeerium.ee\/en\/wp-json\/wp\/v2\/product\/2034"}],"collection":[{"href":"https:\/\/leiuministeerium.ee\/en\/wp-json\/wp\/v2\/product"}],"about":[{"href":"https:\/\/leiuministeerium.ee\/en\/wp-json\/wp\/v2\/types\/product"}],"replies":[{"embeddable":true,"href":"https:\/\/leiuministeerium.ee\/en\/wp-json\/wp\/v2\/comments?post=2034"}],"wp:featuredmedia":[{"embeddable":true,"href":"https:\/\/leiuministeerium.ee\/en\/wp-json\/wp\/v2\/media\/2033"}],"wp:attachment":[{"href":"https:\/\/leiuministeerium.ee\/en\/wp-json\/wp\/v2\/media?parent=2034"}],"wp:term":[{"taxonomy":"product_brand","embeddable":true,"href":"https:\/\/leiuministeerium.ee\/en\/wp-json\/wp\/v2\/product_brand?post=2034"},{"taxonomy":"product_cat","embeddable":true,"href":"https:\/\/leiuministeerium.ee\/en\/wp-json\/wp\/v2\/product_cat?post=2034"},{"taxonomy":"product_tag","embeddable":true,"href":"https:\/\/leiuministeerium.ee\/en\/wp-json\/wp\/v2\/product_tag?post=2034"}],"curies":[{"name":"wp","href":"https:\/\/api.w.org\/{rel}","templated":true}]}}