{"id":2032,"date":"2026-03-02T18:38:03","date_gmt":"2026-03-02T16:38:03","guid":{"rendered":"https:\/\/leiuministeerium.ee\/product\/lazarro-espresso-kohvioad1kg-tarne-kuni-14p\/"},"modified":"2026-03-02T18:38:16","modified_gmt":"2026-03-02T16:38:16","slug":"lazarro-espresso-kohvioad1kg-tarne-kuni-14p","status":"publish","type":"product","link":"https:\/\/leiuministeerium.ee\/en\/product\/lazarro-espresso-kohvioad1kg-tarne-kuni-14p\/","title":{"rendered":"Lazarro espresso \u2013 kohvioad\n1kg.\n(Tarne kuni 14p.)"},"content":{"rendered":"<p>Lazarro Espresso kohvioad on segu araabikast ja robustast. Keskmise r\u00f6stimisastmega kohvioad pakuvad intensiivset ja t\u00e4idlast maitset. Kuldpruuni vahu ja peente \u0161okolaadi- ja p\u00e4hklinootidega on see kohv ideaalne espresso suurep\u00e4rase hinnaga!<\/p>","protected":false},"excerpt":{"rendered":"<p>Lazarro Espresso kohvioad on segu araabikast ja robustast. Keskmise r\u00f6stimisastmega kohvioad pakuvad intensiivset ja t\u00e4idlast maitset. Kuldpruuni vahu ja peente \u0161okolaadi- ja p\u00e4hklinootidega on see kohv ideaalne espresso suurep\u00e4rase hinnaga!<\/p>","protected":false},"featured_media":2031,"comment_status":"open","ping_status":"closed","template":"","meta":[],"product_brand":[],"product_cat":[74,53],"product_tag":[],"class_list":{"0":"post-2032","1":"product","2":"type-product","3":"status-publish","4":"has-post-thumbnail","6":"product_cat-kohvioad","7":"product_cat-toit-ja-toiduained","9":"first","10":"instock","11":"sale","12":"shipping-taxable","13":"purchasable","14":"product-type-simple"},"aioseo_notices":[],"jetpack_sharing_enabled":true,"_links":{"self":[{"href":"https:\/\/leiuministeerium.ee\/en\/wp-json\/wp\/v2\/product\/2032"}],"collection":[{"href":"https:\/\/leiuministeerium.ee\/en\/wp-json\/wp\/v2\/product"}],"about":[{"href":"https:\/\/leiuministeerium.ee\/en\/wp-json\/wp\/v2\/types\/product"}],"replies":[{"embeddable":true,"href":"https:\/\/leiuministeerium.ee\/en\/wp-json\/wp\/v2\/comments?post=2032"}],"wp:featuredmedia":[{"embeddable":true,"href":"https:\/\/leiuministeerium.ee\/en\/wp-json\/wp\/v2\/media\/2031"}],"wp:attachment":[{"href":"https:\/\/leiuministeerium.ee\/en\/wp-json\/wp\/v2\/media?parent=2032"}],"wp:term":[{"taxonomy":"product_brand","embeddable":true,"href":"https:\/\/leiuministeerium.ee\/en\/wp-json\/wp\/v2\/product_brand?post=2032"},{"taxonomy":"product_cat","embeddable":true,"href":"https:\/\/leiuministeerium.ee\/en\/wp-json\/wp\/v2\/product_cat?post=2032"},{"taxonomy":"product_tag","embeddable":true,"href":"https:\/\/leiuministeerium.ee\/en\/wp-json\/wp\/v2\/product_tag?post=2032"}],"curies":[{"name":"wp","href":"https:\/\/api.w.org\/{rel}","templated":true}]}}