{"id":2030,"date":"2026-03-02T18:36:11","date_gmt":"2026-03-02T16:36:11","guid":{"rendered":"https:\/\/leiuministeerium.ee\/product\/lavazza-qualita-rossa-kohvioad1kg-tarne-kuni-14p\/"},"modified":"2026-03-02T18:36:25","modified_gmt":"2026-03-02T16:36:25","slug":"lavazza-qualita-rossa-kohvioad1kg-tarne-kuni-14p","status":"publish","type":"product","link":"https:\/\/leiuministeerium.ee\/en\/product\/lavazza-qualita-rossa-kohvioad1kg-tarne-kuni-14p\/","title":{"rendered":"Lavazza qualit\u00e0 rossa \u2013 kohvioad\n1kg.\n(Tarne kuni 14p )"},"content":{"rendered":"<p>Lavazza Qualita Rossa on segu robusta ja araabika kohviubadest. Aafrika robusta oad annavad kohvile iseloomuliku t\u00e4idluse ja imelise aroomi. Brasiilia araabika oad lisavad karamelli h\u00f5ngu. Aafrika robusta oad annavad kohvile \u0161okolaadise h\u00f5ngu.<\/p>\n<p>Kaunis kohv kauni cremaga \u2013 see on puhas nauding.<\/p>","protected":false},"excerpt":{"rendered":"<p>Lavazza Qualita Rossa on segu robusta ja araabika kohviubadest. Aafrika robusta oad annavad kohvile iseloomuliku t\u00e4idluse ja imelise aroomi. Brasiilia araabika oad lisavad karamelli h\u00f5ngu. Aafrika robusta oad annavad kohvile \u0161okolaadise h\u00f5ngu. Kaunis kohv kauni cremaga \u2013 see on puhas nauding.<\/p>","protected":false},"featured_media":2029,"comment_status":"open","ping_status":"closed","template":"","meta":[],"product_brand":[],"product_cat":[74,53],"product_tag":[],"class_list":{"0":"post-2030","1":"product","2":"type-product","3":"status-publish","4":"has-post-thumbnail","6":"product_cat-kohvioad","7":"product_cat-toit-ja-toiduained","9":"first","10":"instock","11":"sale","12":"shipping-taxable","13":"purchasable","14":"product-type-simple"},"aioseo_notices":[],"jetpack_sharing_enabled":true,"_links":{"self":[{"href":"https:\/\/leiuministeerium.ee\/en\/wp-json\/wp\/v2\/product\/2030"}],"collection":[{"href":"https:\/\/leiuministeerium.ee\/en\/wp-json\/wp\/v2\/product"}],"about":[{"href":"https:\/\/leiuministeerium.ee\/en\/wp-json\/wp\/v2\/types\/product"}],"replies":[{"embeddable":true,"href":"https:\/\/leiuministeerium.ee\/en\/wp-json\/wp\/v2\/comments?post=2030"}],"wp:featuredmedia":[{"embeddable":true,"href":"https:\/\/leiuministeerium.ee\/en\/wp-json\/wp\/v2\/media\/2029"}],"wp:attachment":[{"href":"https:\/\/leiuministeerium.ee\/en\/wp-json\/wp\/v2\/media?parent=2030"}],"wp:term":[{"taxonomy":"product_brand","embeddable":true,"href":"https:\/\/leiuministeerium.ee\/en\/wp-json\/wp\/v2\/product_brand?post=2030"},{"taxonomy":"product_cat","embeddable":true,"href":"https:\/\/leiuministeerium.ee\/en\/wp-json\/wp\/v2\/product_cat?post=2030"},{"taxonomy":"product_tag","embeddable":true,"href":"https:\/\/leiuministeerium.ee\/en\/wp-json\/wp\/v2\/product_tag?post=2030"}],"curies":[{"name":"wp","href":"https:\/\/api.w.org\/{rel}","templated":true}]}}