{"id":2026,"date":"2026-03-02T18:32:09","date_gmt":"2026-03-02T16:32:09","guid":{"rendered":"https:\/\/leiuministeerium.ee\/product\/lavazza-qualita-oro-kohvioad1kg-tarne-kuni-14p\/"},"modified":"2026-03-02T18:32:22","modified_gmt":"2026-03-02T16:32:22","slug":"lavazza-qualita-oro-kohvioad1kg-tarne-kuni-14p","status":"publish","type":"product","link":"https:\/\/leiuministeerium.ee\/en\/product\/lavazza-qualita-oro-kohvioad1kg-tarne-kuni-14p\/","title":{"rendered":"Lavazza Qualita Oro \u2013 kohvioad\n1kg.\n(Tarne kuni 14p.)"},"content":{"rendered":"<p>Lavazza Qualita Oro on espresso, mis on valmistatud 100% Kesk-Ameerikast ja Aafrikast p\u00e4rit arabica ubadest. Sellel on intensiivne, keskmine r\u00f6stsus ja kerge lilleline aroom. Pehme ja tasakaalustatud maitse sobib ideaalselt igale kellaajale.<\/p>\n<p>Ostke Lavazza Qualita Oro kohviube<br \/>\nLavazza Qualita Oro  on \u00fcks Lavazza populaarsemaid kohviube . Kaffeehenk.de-s m\u00fc\u00fcme seda Qualita Oro uba palju v\u00e4ga soodsa hinnaga! Nii saate nautida maitsvat tassi Lavazza kohvi kodus!<\/p>","protected":false},"excerpt":{"rendered":"<p>Lavazza Qualita Oro on espresso, mis on valmistatud 100% Kesk-Ameerikast ja Aafrikast p\u00e4rit arabica ubadest. Sellel on intensiivne, keskmine r\u00f6stsus ja kerge lilleline aroom. Pehme ja tasakaalustatud maitse sobib ideaalselt igale kellaajale. Ostke Lavazza Qualita Oro kohviube Lavazza Qualita Oro on \u00fcks Lavazza populaarsemaid kohviube . Kaffeehenk.de-s m\u00fc\u00fcme seda Qualita Oro uba palju v\u00e4ga soodsa hinnaga! Nii saate nautida maitsvat tassi Lavazza kohvi kodus!<\/p>","protected":false},"featured_media":2025,"comment_status":"open","ping_status":"closed","template":"","meta":[],"product_brand":[],"product_cat":[74,53],"product_tag":[],"class_list":{"0":"post-2026","1":"product","2":"type-product","3":"status-publish","4":"has-post-thumbnail","6":"product_cat-kohvioad","7":"product_cat-toit-ja-toiduained","9":"first","10":"instock","11":"sale","12":"shipping-taxable","13":"purchasable","14":"product-type-simple"},"aioseo_notices":[],"jetpack_sharing_enabled":true,"_links":{"self":[{"href":"https:\/\/leiuministeerium.ee\/en\/wp-json\/wp\/v2\/product\/2026"}],"collection":[{"href":"https:\/\/leiuministeerium.ee\/en\/wp-json\/wp\/v2\/product"}],"about":[{"href":"https:\/\/leiuministeerium.ee\/en\/wp-json\/wp\/v2\/types\/product"}],"replies":[{"embeddable":true,"href":"https:\/\/leiuministeerium.ee\/en\/wp-json\/wp\/v2\/comments?post=2026"}],"wp:featuredmedia":[{"embeddable":true,"href":"https:\/\/leiuministeerium.ee\/en\/wp-json\/wp\/v2\/media\/2025"}],"wp:attachment":[{"href":"https:\/\/leiuministeerium.ee\/en\/wp-json\/wp\/v2\/media?parent=2026"}],"wp:term":[{"taxonomy":"product_brand","embeddable":true,"href":"https:\/\/leiuministeerium.ee\/en\/wp-json\/wp\/v2\/product_brand?post=2026"},{"taxonomy":"product_cat","embeddable":true,"href":"https:\/\/leiuministeerium.ee\/en\/wp-json\/wp\/v2\/product_cat?post=2026"},{"taxonomy":"product_tag","embeddable":true,"href":"https:\/\/leiuministeerium.ee\/en\/wp-json\/wp\/v2\/product_tag?post=2026"}],"curies":[{"name":"wp","href":"https:\/\/api.w.org\/{rel}","templated":true}]}}