{"id":2024,"date":"2026-03-02T18:30:33","date_gmt":"2026-03-02T16:30:33","guid":{"rendered":"https:\/\/leiuministeerium.ee\/product\/segafredo-intermezzo-kohvioad1kg-tarne-kuni-14p\/"},"modified":"2026-03-02T18:30:48","modified_gmt":"2026-03-02T16:30:48","slug":"segafredo-intermezzo-kohvioad1kg-tarne-kuni-14p","status":"publish","type":"product","link":"https:\/\/leiuministeerium.ee\/en\/product\/segafredo-intermezzo-kohvioad1kg-tarne-kuni-14p\/","title":{"rendered":"Segafredo Intermezzo \u2013 kohvioad\n1kg \n(Tarne kuni 14p.)"},"content":{"rendered":"<p>Segafredo Intermezzo on Segafredo enimm\u00fc\u00fcdud kohv , mis sobib ideaalselt igaks kellaajaks. Arabica ja Robusta ubade segu annab sellele j\u00f5ulise ja v\u00fcrtsika maitse, muutes selle ideaalseks espresso, cappuccino ja latte macchiato jaoks. Segafredo Intermezzo oad p\u00e4rinevad Itaalia s\u00fcdamest, kus kohvikultuur on s\u00fcgavalt juurdunud igap\u00e4evaellu. Itaalia rikkalik kohvikasvatuse ja -tootmise ajalugu on oluliselt m\u00f5jutanud Segafredo Intermezzo ubade arengut. Need oad on hoolikalt valitud maailma parimatest kohvikasvatuspiirkondadest, sealhulgas L\u00f5una-Ameerikast, Aafrikast ja Kagu-Aasiast, et tagada k\u00f5rgeimad kvaliteedi- ja maitsestandardid. Segafredo Intermezzo oad on maitsev segu, mis on loodud rikkaliku ja rahuldust pakkuva kohvikogemuse pakkumiseks. Tuntud Itaalia kohvifirma Segafredo Zanetti toodetud Segafredo Intermezzo oad on tuntud oma erakordse kvaliteedi ja iseloomuliku maitseprofiili poolest.<\/p>","protected":false},"excerpt":{"rendered":"<p>Segafredo Intermezzo on Segafredo enimm\u00fc\u00fcdud kohv , mis sobib ideaalselt igaks kellaajaks. Arabica ja Robusta ubade segu annab sellele j\u00f5ulise ja v\u00fcrtsika maitse, muutes selle ideaalseks espresso, cappuccino ja latte macchiato jaoks. Segafredo Intermezzo oad p\u00e4rinevad Itaalia s\u00fcdamest, kus kohvikultuur on s\u00fcgavalt juurdunud igap\u00e4evaellu. Itaalia rikkalik kohvikasvatuse ja -tootmise ajalugu on oluliselt m\u00f5jutanud Segafredo Intermezzo ubade arengut. Need oad on hoolikalt valitud maailma parimatest kohvikasvatuspiirkondadest, sealhulgas L\u00f5una-Ameerikast, Aafrikast ja Kagu-Aasiast, et tagada k\u00f5rgeimad kvaliteedi- ja maitsestandardid. Segafredo Intermezzo oad on maitsev segu, mis on loodud rikkaliku ja rahuldust pakkuva kohvikogemuse pakkumiseks. Tuntud Itaalia kohvifirma Segafredo Zanetti toodetud Segafredo Intermezzo oad on tuntud oma erakordse kvaliteedi ja iseloomuliku maitseprofiili poolest.<\/p>","protected":false},"featured_media":2023,"comment_status":"open","ping_status":"closed","template":"","meta":[],"product_brand":[],"product_cat":[74,53],"product_tag":[],"class_list":{"0":"post-2024","1":"product","2":"type-product","3":"status-publish","4":"has-post-thumbnail","6":"product_cat-kohvioad","7":"product_cat-toit-ja-toiduained","9":"first","10":"instock","11":"sale","12":"shipping-taxable","13":"purchasable","14":"product-type-simple"},"aioseo_notices":[],"jetpack_sharing_enabled":true,"_links":{"self":[{"href":"https:\/\/leiuministeerium.ee\/en\/wp-json\/wp\/v2\/product\/2024"}],"collection":[{"href":"https:\/\/leiuministeerium.ee\/en\/wp-json\/wp\/v2\/product"}],"about":[{"href":"https:\/\/leiuministeerium.ee\/en\/wp-json\/wp\/v2\/types\/product"}],"replies":[{"embeddable":true,"href":"https:\/\/leiuministeerium.ee\/en\/wp-json\/wp\/v2\/comments?post=2024"}],"wp:featuredmedia":[{"embeddable":true,"href":"https:\/\/leiuministeerium.ee\/en\/wp-json\/wp\/v2\/media\/2023"}],"wp:attachment":[{"href":"https:\/\/leiuministeerium.ee\/en\/wp-json\/wp\/v2\/media?parent=2024"}],"wp:term":[{"taxonomy":"product_brand","embeddable":true,"href":"https:\/\/leiuministeerium.ee\/en\/wp-json\/wp\/v2\/product_brand?post=2024"},{"taxonomy":"product_cat","embeddable":true,"href":"https:\/\/leiuministeerium.ee\/en\/wp-json\/wp\/v2\/product_cat?post=2024"},{"taxonomy":"product_tag","embeddable":true,"href":"https:\/\/leiuministeerium.ee\/en\/wp-json\/wp\/v2\/product_tag?post=2024"}],"curies":[{"name":"wp","href":"https:\/\/api.w.org\/{rel}","templated":true}]}}