{"id":2022,"date":"2026-03-02T18:28:19","date_gmt":"2026-03-02T16:28:19","guid":{"rendered":"https:\/\/leiuministeerium.ee\/product\/melitta-bistro-taidlane-ja-aromaatnejahvatatud-kohvi-500g-tarne-14p\/"},"modified":"2026-03-02T18:28:34","modified_gmt":"2026-03-02T16:28:34","slug":"melitta-bistro-taidlane-ja-aromaatnejahvatatud-kohvi-500g-tarne-14p","status":"publish","type":"product","link":"https:\/\/leiuministeerium.ee\/en\/product\/melitta-bistro-taidlane-ja-aromaatnejahvatatud-kohvi-500g-tarne-14p\/","title":{"rendered":"Melitta Bistro: t\u00e4idlane ja aromaatne\njahvatatud kohvi 500g.\n(Tarne 14p.)"},"content":{"rendered":"<p>Jahvatatud r\u00f6stitud kohv, vaakumpakendatud. Kohvi kanguseks on 3\/5.<\/p>\n<p>Melitta Bistro jaoks valitakse hoolikalt valitud kasvupiirkondadest p\u00e4rit kohvid ja kombineeritakse need pikaajalise kohvitraditsiooni kogemusega, et luua t\u00e4idlane segu. Oad r\u00f6stitakse \u00f5rnalt pideva j\u00e4relevalve all, andes neile t\u00e4ieliku ja tasakaalustatud aroomi.<\/p>\n<p>Nautige intensiivselt maitsvat tassi Melitta kohvi Bistro t\u00e4idlase aromaatse maitsega.<\/p>","protected":false},"excerpt":{"rendered":"<p>Jahvatatud r\u00f6stitud kohv, vaakumpakendatud. Kohvi kanguseks on 3\/5. Melitta Bistro jaoks valitakse hoolikalt valitud kasvupiirkondadest p\u00e4rit kohvid ja kombineeritakse need pikaajalise kohvitraditsiooni kogemusega, et luua t\u00e4idlane segu. Oad r\u00f6stitakse \u00f5rnalt pideva j\u00e4relevalve all, andes neile t\u00e4ieliku ja tasakaalustatud aroomi. Nautige intensiivselt maitsvat tassi Melitta kohvi Bistro t\u00e4idlase aromaatse maitsega.<\/p>","protected":false},"featured_media":2021,"comment_status":"open","ping_status":"closed","template":"","meta":[],"product_brand":[],"product_cat":[74,53],"product_tag":[],"class_list":{"0":"post-2022","1":"product","2":"type-product","3":"status-publish","4":"has-post-thumbnail","6":"product_cat-kohvioad","7":"product_cat-toit-ja-toiduained","9":"first","10":"instock","11":"sale","12":"shipping-taxable","13":"purchasable","14":"product-type-simple"},"aioseo_notices":[],"jetpack_sharing_enabled":true,"_links":{"self":[{"href":"https:\/\/leiuministeerium.ee\/en\/wp-json\/wp\/v2\/product\/2022"}],"collection":[{"href":"https:\/\/leiuministeerium.ee\/en\/wp-json\/wp\/v2\/product"}],"about":[{"href":"https:\/\/leiuministeerium.ee\/en\/wp-json\/wp\/v2\/types\/product"}],"replies":[{"embeddable":true,"href":"https:\/\/leiuministeerium.ee\/en\/wp-json\/wp\/v2\/comments?post=2022"}],"wp:featuredmedia":[{"embeddable":true,"href":"https:\/\/leiuministeerium.ee\/en\/wp-json\/wp\/v2\/media\/2021"}],"wp:attachment":[{"href":"https:\/\/leiuministeerium.ee\/en\/wp-json\/wp\/v2\/media?parent=2022"}],"wp:term":[{"taxonomy":"product_brand","embeddable":true,"href":"https:\/\/leiuministeerium.ee\/en\/wp-json\/wp\/v2\/product_brand?post=2022"},{"taxonomy":"product_cat","embeddable":true,"href":"https:\/\/leiuministeerium.ee\/en\/wp-json\/wp\/v2\/product_cat?post=2022"},{"taxonomy":"product_tag","embeddable":true,"href":"https:\/\/leiuministeerium.ee\/en\/wp-json\/wp\/v2\/product_tag?post=2022"}],"curies":[{"name":"wp","href":"https:\/\/api.w.org\/{rel}","templated":true}]}}