{"id":2020,"date":"2026-03-02T18:25:59","date_gmt":"2026-03-02T16:25:59","guid":{"rendered":"https:\/\/leiuministeerium.ee\/product\/jacobs-auslese-classic-500-grammi-jahvatatud-kohvitarne-14p\/"},"modified":"2026-03-02T18:26:24","modified_gmt":"2026-03-02T16:26:24","slug":"jacobs-auslese-classic-500-grammi-jahvatatud-kohvitarne-14p","status":"publish","type":"product","link":"https:\/\/leiuministeerium.ee\/en\/product\/jacobs-auslese-classic-500-grammi-jahvatatud-kohvitarne-14p\/","title":{"rendered":"Jacobs Auslese Classic 500 grammi jahvatatud kohvi\n(Tarne 14p.)"},"content":{"rendered":"<p>Jacobs Auslese Classic on filterkohv, mis on hoolikalt segatud erinevatest kohviubadest. Kohvioad on \u00f5rnalt r\u00f6stitud, andes eksimatule Jacobs Auslese Classicule selle erip\u00e4rase iseloomu.<\/p>\n<p>Arabica ja Robusta segu<\/p>","protected":false},"excerpt":{"rendered":"<p>Jacobs Auslese Classic on filterkohv, mis on hoolikalt segatud erinevatest kohviubadest. Kohvioad on \u00f5rnalt r\u00f6stitud, andes eksimatule Jacobs Auslese Classicule selle erip\u00e4rase iseloomu. Arabica ja Robusta segu<\/p>","protected":false},"featured_media":2019,"comment_status":"open","ping_status":"closed","template":"","meta":[],"product_brand":[],"product_cat":[74,72,53],"product_tag":[],"class_list":{"0":"post-2020","1":"product","2":"type-product","3":"status-publish","4":"has-post-thumbnail","6":"product_cat-kohvioad","7":"product_cat-toit-joogidtoiduained","8":"product_cat-toit-ja-toiduained","10":"first","11":"instock","12":"sale","13":"virtual","14":"purchasable","15":"product-type-simple"},"aioseo_notices":[],"jetpack_sharing_enabled":true,"_links":{"self":[{"href":"https:\/\/leiuministeerium.ee\/en\/wp-json\/wp\/v2\/product\/2020"}],"collection":[{"href":"https:\/\/leiuministeerium.ee\/en\/wp-json\/wp\/v2\/product"}],"about":[{"href":"https:\/\/leiuministeerium.ee\/en\/wp-json\/wp\/v2\/types\/product"}],"replies":[{"embeddable":true,"href":"https:\/\/leiuministeerium.ee\/en\/wp-json\/wp\/v2\/comments?post=2020"}],"wp:featuredmedia":[{"embeddable":true,"href":"https:\/\/leiuministeerium.ee\/en\/wp-json\/wp\/v2\/media\/2019"}],"wp:attachment":[{"href":"https:\/\/leiuministeerium.ee\/en\/wp-json\/wp\/v2\/media?parent=2020"}],"wp:term":[{"taxonomy":"product_brand","embeddable":true,"href":"https:\/\/leiuministeerium.ee\/en\/wp-json\/wp\/v2\/product_brand?post=2020"},{"taxonomy":"product_cat","embeddable":true,"href":"https:\/\/leiuministeerium.ee\/en\/wp-json\/wp\/v2\/product_cat?post=2020"},{"taxonomy":"product_tag","embeddable":true,"href":"https:\/\/leiuministeerium.ee\/en\/wp-json\/wp\/v2\/product_tag?post=2020"}],"curies":[{"name":"wp","href":"https:\/\/api.w.org\/{rel}","templated":true}]}}