{"id":2018,"date":"2026-03-02T18:23:31","date_gmt":"2026-03-02T16:23:31","guid":{"rendered":"https:\/\/leiuministeerium.ee\/product\/lavazza-crema-e-aromauba-1kg-tarne-14p\/"},"modified":"2026-03-02T18:23:52","modified_gmt":"2026-03-02T16:23:52","slug":"lavazza-crema-e-aromauba-1kg-tarne-14p","status":"publish","type":"product","link":"https:\/\/leiuministeerium.ee\/en\/product\/lavazza-crema-e-aromauba-1kg-tarne-14p\/","title":{"rendered":"Lavazza Crema e Aroma\nUba 1kg.\n(Tarne 14p)."},"content":{"rendered":"<p>Lavazza Crema e Aroma on Lavazza enimm\u00fc\u00fcdud kohv. Oad annavad v\u00f5imsa ja aromaatse maitse. Segu koosneb parimatest Kesk- ja L\u00f5una-Ameerika arabica ubadest ning k\u00f5rgeima kvaliteediga robusta kohviubadest. Lavazza Crema e Aroma on traditsioonilises Itaalia stiilis r\u00f6stitud kohv, mis on t\u00e4is iseloomu ja maitset.<\/p>\n<p>1kg.<\/p>","protected":false},"excerpt":{"rendered":"<p>Lavazza Crema e Aroma on Lavazza enimm\u00fc\u00fcdud kohv. Oad annavad v\u00f5imsa ja aromaatse maitse. Segu koosneb parimatest Kesk- ja L\u00f5una-Ameerika arabica ubadest ning k\u00f5rgeima kvaliteediga robusta kohviubadest. Lavazza Crema e Aroma on traditsioonilises Itaalia stiilis r\u00f6stitud kohv, mis on t\u00e4is iseloomu ja maitset. 1kg.<\/p>","protected":false},"featured_media":2017,"comment_status":"open","ping_status":"closed","template":"","meta":[],"product_brand":[],"product_cat":[15,74,53],"product_tag":[],"class_list":{"0":"post-2018","1":"product","2":"type-product","3":"status-publish","4":"has-post-thumbnail","6":"product_cat-ilma-kategoorita","7":"product_cat-kohvioad","8":"product_cat-toit-ja-toiduained","10":"first","11":"instock","12":"sale","13":"shipping-taxable","14":"purchasable","15":"product-type-simple"},"aioseo_notices":[],"jetpack_sharing_enabled":true,"_links":{"self":[{"href":"https:\/\/leiuministeerium.ee\/en\/wp-json\/wp\/v2\/product\/2018"}],"collection":[{"href":"https:\/\/leiuministeerium.ee\/en\/wp-json\/wp\/v2\/product"}],"about":[{"href":"https:\/\/leiuministeerium.ee\/en\/wp-json\/wp\/v2\/types\/product"}],"replies":[{"embeddable":true,"href":"https:\/\/leiuministeerium.ee\/en\/wp-json\/wp\/v2\/comments?post=2018"}],"wp:featuredmedia":[{"embeddable":true,"href":"https:\/\/leiuministeerium.ee\/en\/wp-json\/wp\/v2\/media\/2017"}],"wp:attachment":[{"href":"https:\/\/leiuministeerium.ee\/en\/wp-json\/wp\/v2\/media?parent=2018"}],"wp:term":[{"taxonomy":"product_brand","embeddable":true,"href":"https:\/\/leiuministeerium.ee\/en\/wp-json\/wp\/v2\/product_brand?post=2018"},{"taxonomy":"product_cat","embeddable":true,"href":"https:\/\/leiuministeerium.ee\/en\/wp-json\/wp\/v2\/product_cat?post=2018"},{"taxonomy":"product_tag","embeddable":true,"href":"https:\/\/leiuministeerium.ee\/en\/wp-json\/wp\/v2\/product_tag?post=2018"}],"curies":[{"name":"wp","href":"https:\/\/api.w.org\/{rel}","templated":true}]}}