{"id":1921,"date":"2025-10-09T11:03:39","date_gmt":"2025-10-09T08:03:39","guid":{"rendered":"https:\/\/leiuministeerium.ee\/product\/tekk-220x200-aastaringselt-allergiavastane-padjad-70x80-aloetarne-kuni-14-p\/"},"modified":"2025-11-15T10:36:17","modified_gmt":"2025-11-15T08:36:17","slug":"tekk-220x200-aastaringselt-allergiavastane-padjad-70x80-aloetarne-kuni-14-p","status":"publish","type":"product","link":"https:\/\/leiuministeerium.ee\/en\/product\/tekk-220x200-aastaringselt-allergiavastane-padjad-70x80-aloetarne-kuni-14-p\/","title":{"rendered":"Tekk 220&#215;200 aastaringselt allergiavastane + padjad 70&#215;80 ALOE\nTarne kuni 14 p."},"content":{"rendered":"<p>KOMPLEKT TEKIKOTT + PADJA ALOE VERA PREMIUM &#8212; MAGA PAREMINI<\/p>\n<p>Neile, kes hindavad mugavust, tervist ja luksuslikku und!<\/p>\n<p>\u2705 T\u00e4iskomplekt \u2013 tekk 220&#215;200 cm + 2x patja 70&#215;80 cm<br \/>\nHingav mikrokiud aaloe veraga \u2013 loomulik v\u00e4rskus ja nahahooldus<br \/>\nHCS allergiavastane t\u00e4idis \u2013 ideaalne allergikutele ja lastele<br \/>\n\u2728 Sametine pehmus \u2013 m\u00e4hib ja l\u00f5dvestab igal \u00f6\u00f6l<br \/>\nPesemine 60\u00b0C juures \u2013 lihtne ja h\u00fcgieeniline hooldus<br \/>\nTootepoleer \u2013 k\u00f5rge kvaliteet, kohalik tootmine<br \/>\n\u2705SA V\u00c4\u00c4RID PAREMAT UND \u2013 M\u00c4HI END MUGAVUSSE, MIDA SA T\u00d5ELISELT V\u00c4\u00c4RID!<\/p>\n<p>Vali kvaliteet, mis hoolitseb sinu eest igal \u00f6\u00f6l.<\/p>","protected":false},"excerpt":{"rendered":"<p>KOMPLEKT TEKIKOTT + PADJA ALOE VERA PREMIUM &#8212; MAGA PAREMINI Neile, kes hindavad mugavust, tervist ja luksuslikku und! \u2705 T\u00e4iskomplekt \u2013 tekk 220&#215;200 cm + 2x patja 70&#215;80 cm Hingav mikrokiud aaloe veraga \u2013 loomulik v\u00e4rskus ja nahahooldus HCS allergiavastane t\u00e4idis \u2013 ideaalne allergikutele ja lastele \u2728 Sametine pehmus \u2013 m\u00e4hib ja l\u00f5dvestab igal \u00f6\u00f6l Pesemine 60\u00b0C juures \u2013 lihtne ja h\u00fcgieeniline hooldus Tootepoleer \u2013 k\u00f5rge kvaliteet, kohalik tootmine \u2705SA V\u00c4\u00c4RID PAREMAT UND \u2013 M\u00c4HI END MUGAVUSSE, MIDA SA T\u00d5ELISELT V\u00c4\u00c4RID! Vali kvaliteet, mis hoolitseb sinu eest igal \u00f6\u00f6l.<\/p>","protected":false},"featured_media":1920,"comment_status":"open","ping_status":"closed","template":"","meta":[],"product_brand":[],"product_cat":[55],"product_tag":[],"class_list":{"0":"post-1921","1":"product","2":"type-product","3":"status-publish","4":"has-post-thumbnail","6":"product_cat-voodipesu","8":"first","9":"instock","10":"sale","11":"shipping-taxable","12":"purchasable","13":"product-type-simple"},"aioseo_notices":[],"jetpack_sharing_enabled":true,"_links":{"self":[{"href":"https:\/\/leiuministeerium.ee\/en\/wp-json\/wp\/v2\/product\/1921"}],"collection":[{"href":"https:\/\/leiuministeerium.ee\/en\/wp-json\/wp\/v2\/product"}],"about":[{"href":"https:\/\/leiuministeerium.ee\/en\/wp-json\/wp\/v2\/types\/product"}],"replies":[{"embeddable":true,"href":"https:\/\/leiuministeerium.ee\/en\/wp-json\/wp\/v2\/comments?post=1921"}],"wp:featuredmedia":[{"embeddable":true,"href":"https:\/\/leiuministeerium.ee\/en\/wp-json\/wp\/v2\/media\/1920"}],"wp:attachment":[{"href":"https:\/\/leiuministeerium.ee\/en\/wp-json\/wp\/v2\/media?parent=1921"}],"wp:term":[{"taxonomy":"product_brand","embeddable":true,"href":"https:\/\/leiuministeerium.ee\/en\/wp-json\/wp\/v2\/product_brand?post=1921"},{"taxonomy":"product_cat","embeddable":true,"href":"https:\/\/leiuministeerium.ee\/en\/wp-json\/wp\/v2\/product_cat?post=1921"},{"taxonomy":"product_tag","embeddable":true,"href":"https:\/\/leiuministeerium.ee\/en\/wp-json\/wp\/v2\/product_tag?post=1921"}],"curies":[{"name":"wp","href":"https:\/\/api.w.org\/{rel}","templated":true}]}}