{"id":1917,"date":"2025-10-09T10:51:26","date_gmt":"2025-10-09T07:51:26","guid":{"rendered":"https:\/\/leiuministeerium.ee\/product\/marg-kassitoit-sheba-sauce-collection-kalamaitselised-40x85gtarne-kuni-14-p\/"},"modified":"2025-10-17T08:08:26","modified_gmt":"2025-10-17T05:08:26","slug":"marg-kassitoit-sheba-sauce-collection-kalamaitselised-40x85gtarne-kuni-14-p","status":"publish","type":"product","link":"https:\/\/leiuministeerium.ee\/en\/product\/marg-kassitoit-sheba-sauce-collection-kalamaitselised-40x85gtarne-kuni-14-p\/","title":{"rendered":"M\u00e4rg kassitoit SHEBA Sauce Collection kalamaitselised  40x85g\nTarne kuni 14 p."},"content":{"rendered":"<p>Kalamaitselised kastmemaitselised 40&#215;85 g<\/p>\n<p>Premium-klassi toit t\u00e4iskasvanud kassidele<\/p>\n<p>Paku oma kassile igap\u00e4evast maiust Sheba\u00ae Sauce Collection kalamaitseliste kastmetega \u2013 need on \u00f5rnad t\u00fckid aromaatses kastmes, saadaval neljas suurep\u00e4rases variandis: l\u00f5he, siig, tuunikala ja tursk. Valmistatud looduslikest koostisosadest ja rikastatud vitamiinidega, toetab see teie lemmiklooma tervist ja heaolu.<\/p>\n<p>\u2705Kala j\u00e4tkusuutlikust kalap\u00fc\u00fcgist \u2013 MSC sertifitseeritud<\/p>\n<p>\u2705Looduslik retsept \u2013 ei mingeid ebavajalikke lisaaineid ega kunstlikke s\u00e4ilitusaineid<\/p>\n<p>\u2705Mugavad portsjonid \u2013 85 g kotikesed sobivad ideaalselt igap\u00e4evaseks s\u00f6\u00f6tmiseks<\/p>\n<p>\u2705Toetab kuseteede tervist \u2013 t\u00e4nu sobivale \u00f5huniiskusele<\/p>\n<p>\u2705T\u00e4issuuruses ja tasakaalustatud toit \u2013 ideaalne igap\u00e4evaseks kasutamiseks<\/p>\n<p>\u2705Keskkonnas\u00f5bralik pakend \u2013 100% taaskasutatav<\/p>","protected":false},"excerpt":{"rendered":"<p>Kalamaitselised kastmemaitselised 40&#215;85 g Premium-klassi toit t\u00e4iskasvanud kassidele Paku oma kassile igap\u00e4evast maiust Sheba\u00ae Sauce Collection kalamaitseliste kastmetega \u2013 need on \u00f5rnad t\u00fckid aromaatses kastmes, saadaval neljas suurep\u00e4rases variandis: l\u00f5he, siig, tuunikala ja tursk. Valmistatud looduslikest koostisosadest ja rikastatud vitamiinidega, toetab see teie lemmiklooma tervist ja heaolu. \u2705Kala j\u00e4tkusuutlikust kalap\u00fc\u00fcgist \u2013 MSC sertifitseeritud \u2705Looduslik retsept \u2013 ei mingeid ebavajalikke lisaaineid ega kunstlikke s\u00e4ilitusaineid \u2705Mugavad portsjonid \u2013 85 g kotikesed sobivad ideaalselt igap\u00e4evaseks s\u00f6\u00f6tmiseks \u2705Toetab kuseteede tervist \u2013 t\u00e4nu sobivale \u00f5huniiskusele \u2705T\u00e4issuuruses ja tasakaalustatud toit \u2013 ideaalne igap\u00e4evaseks kasutamiseks \u2705Keskkonnas\u00f5bralik pakend \u2013 100% taaskasutatav<\/p>","protected":false},"featured_media":1916,"comment_status":"open","ping_status":"closed","template":"","meta":[],"product_brand":[],"product_cat":[44],"product_tag":[],"class_list":{"0":"post-1917","1":"product","2":"type-product","3":"status-publish","4":"has-post-thumbnail","6":"product_cat-lemmikloomatarbed","8":"first","9":"instock","10":"sale","11":"shipping-taxable","12":"purchasable","13":"product-type-simple"},"aioseo_notices":[],"jetpack_sharing_enabled":true,"_links":{"self":[{"href":"https:\/\/leiuministeerium.ee\/en\/wp-json\/wp\/v2\/product\/1917"}],"collection":[{"href":"https:\/\/leiuministeerium.ee\/en\/wp-json\/wp\/v2\/product"}],"about":[{"href":"https:\/\/leiuministeerium.ee\/en\/wp-json\/wp\/v2\/types\/product"}],"replies":[{"embeddable":true,"href":"https:\/\/leiuministeerium.ee\/en\/wp-json\/wp\/v2\/comments?post=1917"}],"wp:featuredmedia":[{"embeddable":true,"href":"https:\/\/leiuministeerium.ee\/en\/wp-json\/wp\/v2\/media\/1916"}],"wp:attachment":[{"href":"https:\/\/leiuministeerium.ee\/en\/wp-json\/wp\/v2\/media?parent=1917"}],"wp:term":[{"taxonomy":"product_brand","embeddable":true,"href":"https:\/\/leiuministeerium.ee\/en\/wp-json\/wp\/v2\/product_brand?post=1917"},{"taxonomy":"product_cat","embeddable":true,"href":"https:\/\/leiuministeerium.ee\/en\/wp-json\/wp\/v2\/product_cat?post=1917"},{"taxonomy":"product_tag","embeddable":true,"href":"https:\/\/leiuministeerium.ee\/en\/wp-json\/wp\/v2\/product_tag?post=1917"}],"curies":[{"name":"wp","href":"https:\/\/api.w.org\/{rel}","templated":true}]}}