{"id":1915,"date":"2025-10-09T10:48:08","date_gmt":"2025-10-09T07:48:08","guid":{"rendered":"https:\/\/leiuministeerium.ee\/product\/marg-kassitoit-sheba-delicacy-linnuliha-maitsega-tarretises-40x85gtarne-14p\/"},"modified":"2025-10-09T10:48:18","modified_gmt":"2025-10-09T07:48:18","slug":"marg-kassitoit-sheba-delicacy-linnuliha-maitsega-tarretises-40x85gtarne-14p","status":"publish","type":"product","link":"https:\/\/leiuministeerium.ee\/en\/product\/marg-kassitoit-sheba-delicacy-linnuliha-maitsega-tarretises-40x85gtarne-14p\/","title":{"rendered":"M\u00e4rg kassitoit SHEBA DELICACY linnuliha maitsega tarretises 40x85g\nTarne 14p."},"content":{"rendered":"<p>Sheba Delicacy Poultry Flavours on hoolikalt koostatud toit, mis \u00fchendab \u00f5rnad linnulihat\u00fckid sametise tarretisega, et pakkuda teie kassile ainulaadset einestamiskogemust.<\/p>\n<p>Igas ampsus leiab teie lemmikloom rikkalikult looduslikke koostisosi, vitamiine ja mineraale, mis toetavad tema tervist, eluj\u00f5udu ja heaolu.<\/p>\n<p>4 maitsvat maitsevarianti \u2013 part, kana, linnuliha ja kalkun<br \/>\nKvaliteetsed looduslikud koostisosad \u2013 t\u00e4isv\u00e4\u00e4rtusliku toitumise tagamiseks<br \/>\nAromaatne tarretis \u2013 pakub erakordset maitset ja pehmet tekstuuri<br \/>\nLisaniisutus \u2013 toetab kassi kuseteede tervist<br \/>\nTasakaalustatud retsept \u2013 t\u00e4isv\u00e4\u00e4rtuslik toit igap\u00e4evaseks toitumiseks<br \/>\nEi sisalda teravilja ega kunstlikke lisandeid \u2013 looduslikud koostisosad, mis on kohandatud teie kassi vajadustele<br \/>\nKeskkonnas\u00f5bralik pakend \u2013 mugavad kandikud, mis on 100% taaskasutatavad<\/p>","protected":false},"excerpt":{"rendered":"<p>Sheba Delicacy Poultry Flavours on hoolikalt koostatud toit, mis \u00fchendab \u00f5rnad linnulihat\u00fckid sametise tarretisega, et pakkuda teie kassile ainulaadset einestamiskogemust. Igas ampsus leiab teie lemmikloom rikkalikult looduslikke koostisosi, vitamiine ja mineraale, mis toetavad tema tervist, eluj\u00f5udu ja heaolu. 4 maitsvat maitsevarianti \u2013 part, kana, linnuliha ja kalkun Kvaliteetsed looduslikud koostisosad \u2013 t\u00e4isv\u00e4\u00e4rtusliku toitumise tagamiseks Aromaatne tarretis \u2013 pakub erakordset maitset ja pehmet tekstuuri Lisaniisutus \u2013 toetab kassi kuseteede tervist Tasakaalustatud retsept \u2013 t\u00e4isv\u00e4\u00e4rtuslik toit igap\u00e4evaseks toitumiseks Ei sisalda teravilja ega kunstlikke lisandeid \u2013 looduslikud koostisosad, mis on kohandatud teie kassi vajadustele Keskkonnas\u00f5bralik pakend \u2013 mugavad kandikud, mis on 100% taaskasutatavad<\/p>","protected":false},"featured_media":1914,"comment_status":"open","ping_status":"closed","template":"","meta":[],"product_brand":[],"product_cat":[44],"product_tag":[],"class_list":{"0":"post-1915","1":"product","2":"type-product","3":"status-publish","4":"has-post-thumbnail","6":"product_cat-lemmikloomatarbed","8":"first","9":"instock","10":"sale","11":"shipping-taxable","12":"purchasable","13":"product-type-simple"},"aioseo_notices":[],"jetpack_sharing_enabled":true,"_links":{"self":[{"href":"https:\/\/leiuministeerium.ee\/en\/wp-json\/wp\/v2\/product\/1915"}],"collection":[{"href":"https:\/\/leiuministeerium.ee\/en\/wp-json\/wp\/v2\/product"}],"about":[{"href":"https:\/\/leiuministeerium.ee\/en\/wp-json\/wp\/v2\/types\/product"}],"replies":[{"embeddable":true,"href":"https:\/\/leiuministeerium.ee\/en\/wp-json\/wp\/v2\/comments?post=1915"}],"wp:featuredmedia":[{"embeddable":true,"href":"https:\/\/leiuministeerium.ee\/en\/wp-json\/wp\/v2\/media\/1914"}],"wp:attachment":[{"href":"https:\/\/leiuministeerium.ee\/en\/wp-json\/wp\/v2\/media?parent=1915"}],"wp:term":[{"taxonomy":"product_brand","embeddable":true,"href":"https:\/\/leiuministeerium.ee\/en\/wp-json\/wp\/v2\/product_brand?post=1915"},{"taxonomy":"product_cat","embeddable":true,"href":"https:\/\/leiuministeerium.ee\/en\/wp-json\/wp\/v2\/product_cat?post=1915"},{"taxonomy":"product_tag","embeddable":true,"href":"https:\/\/leiuministeerium.ee\/en\/wp-json\/wp\/v2\/product_tag?post=1915"}],"curies":[{"name":"wp","href":"https:\/\/api.w.org\/{rel}","templated":true}]}}