{"id":1913,"date":"2025-10-09T10:44:30","date_gmt":"2025-10-09T07:44:30","guid":{"rendered":"https:\/\/leiuministeerium.ee\/product\/marg-kassitoit-sheba-natures-collection-kassipoegadele-kana-ja-lohega-voogatarne-14p\/"},"modified":"2025-10-09T10:44:56","modified_gmt":"2025-10-09T07:44:56","slug":"marg-kassitoit-sheba-natures-collection-kassipoegadele-kana-ja-lohega-voogatarne-14p","status":"publish","type":"product","link":"https:\/\/leiuministeerium.ee\/en\/product\/marg-kassitoit-sheba-natures-collection-kassipoegadele-kana-ja-lohega-voogatarne-14p\/","title":{"rendered":"M\u00e4rg kassitoit SHEBA Nature&#8217;s Collection kassipoegadele kana ja l\u00f5hega v\u00f6\u00f6ga\n(tarne 14p)"},"content":{"rendered":"<p>Sheba Kitten Nature&#8217;s Collection kassitoit l\u00f5he ja kanaga tarretises 40&#215;85 g<\/p>\n<p>Premium-klassi toit kassipoegadele vanuses 2 kuni 12 kuud<\/p>\n<p>Andke oma pisikesele parim algus eluks Sheba Kitten maitsevalikuga \u2013 maitsev ja naturaalne toit, mis on v\u00e4lja t\u00f6\u00f6tatud spetsiaalselt kasvavate kassipoegade vajaduste jaoks. \u00d5rnad t\u00fckid aromaatses kastmes l\u00f5he ja kanaga sobivad ideaalselt v\u00e4ikestele suudele ja toetavad arengut alates esimestest elun\u00e4dalatest.<\/p>\n<p>\u2705Suur liha- ja kalasisaldus \u2013 kuni 94% looduslikku p\u00e4ritolu koostisosadest<\/p>\n<p>\u2705Ei sisalda teravilja ega kunstlikke lisaaineid \u2013 \u00f5rn tundlikule seedes\u00fcsteemile<\/p>\n<p>\u2705Vitamiinide ja mineraalide kompleks \u2013 toetab terveid luid, immuunsust ja lihaseid<\/p>\n<p>\u2705Pehme tekstuur \u2013 ideaalne hambumist ootavatele kassipoegadele ja v\u00e4ikestele k\u00e4ppadele<\/p>\n<p>\u2705J\u00e4tkusuutlikud kalaallikad \u2013 MSC sertifitseeritud (l\u00f5he)<\/p>","protected":false},"excerpt":{"rendered":"<p>Sheba Kitten Nature&#8217;s Collection kassitoit l\u00f5he ja kanaga tarretises 40&#215;85 g Premium-klassi toit kassipoegadele vanuses 2 kuni 12 kuud Andke oma pisikesele parim algus eluks Sheba Kitten maitsevalikuga \u2013 maitsev ja naturaalne toit, mis on v\u00e4lja t\u00f6\u00f6tatud spetsiaalselt kasvavate kassipoegade vajaduste jaoks. \u00d5rnad t\u00fckid aromaatses kastmes l\u00f5he ja kanaga sobivad ideaalselt v\u00e4ikestele suudele ja toetavad arengut alates esimestest elun\u00e4dalatest. \u2705Suur liha- ja kalasisaldus \u2013 kuni 94% looduslikku p\u00e4ritolu koostisosadest \u2705Ei sisalda teravilja ega kunstlikke lisaaineid \u2013 \u00f5rn tundlikule seedes\u00fcsteemile \u2705Vitamiinide ja mineraalide kompleks \u2013 toetab terveid luid, immuunsust ja lihaseid \u2705Pehme tekstuur \u2013 ideaalne hambumist ootavatele kassipoegadele ja v\u00e4ikestele k\u00e4ppadele \u2705J\u00e4tkusuutlikud kalaallikad \u2013 MSC sertifitseeritud (l\u00f5he)<\/p>","protected":false},"featured_media":1912,"comment_status":"open","ping_status":"closed","template":"","meta":[],"product_brand":[],"product_cat":[44],"product_tag":[],"class_list":{"0":"post-1913","1":"product","2":"type-product","3":"status-publish","4":"has-post-thumbnail","6":"product_cat-lemmikloomatarbed","8":"first","9":"instock","10":"sale","11":"shipping-taxable","12":"purchasable","13":"product-type-simple"},"aioseo_notices":[],"jetpack_sharing_enabled":true,"_links":{"self":[{"href":"https:\/\/leiuministeerium.ee\/en\/wp-json\/wp\/v2\/product\/1913"}],"collection":[{"href":"https:\/\/leiuministeerium.ee\/en\/wp-json\/wp\/v2\/product"}],"about":[{"href":"https:\/\/leiuministeerium.ee\/en\/wp-json\/wp\/v2\/types\/product"}],"replies":[{"embeddable":true,"href":"https:\/\/leiuministeerium.ee\/en\/wp-json\/wp\/v2\/comments?post=1913"}],"wp:featuredmedia":[{"embeddable":true,"href":"https:\/\/leiuministeerium.ee\/en\/wp-json\/wp\/v2\/media\/1912"}],"wp:attachment":[{"href":"https:\/\/leiuministeerium.ee\/en\/wp-json\/wp\/v2\/media?parent=1913"}],"wp:term":[{"taxonomy":"product_brand","embeddable":true,"href":"https:\/\/leiuministeerium.ee\/en\/wp-json\/wp\/v2\/product_brand?post=1913"},{"taxonomy":"product_cat","embeddable":true,"href":"https:\/\/leiuministeerium.ee\/en\/wp-json\/wp\/v2\/product_cat?post=1913"},{"taxonomy":"product_tag","embeddable":true,"href":"https:\/\/leiuministeerium.ee\/en\/wp-json\/wp\/v2\/product_tag?post=1913"}],"curies":[{"name":"wp","href":"https:\/\/api.w.org\/{rel}","templated":true}]}}