{"id":1680,"date":"2024-11-22T14:25:56","date_gmt":"2024-11-22T12:25:56","guid":{"rendered":"https:\/\/leiuministeerium.ee\/product\/soorikumasin\/"},"modified":"2024-11-28T19:15:56","modified_gmt":"2024-11-28T17:15:56","slug":"soorikumasin","status":"publish","type":"product","link":"https:\/\/leiuministeerium.ee\/en\/product\/soorikumasin\/","title":{"rendered":"S\u00f5\u00f5rikumasin\ntarne kuni 14 p"},"content":{"rendered":"<p><span>Retrokujundusega Bestron s\u00f5\u00f5rikuvalmistaja, minis\u00f5\u00f5rikumasin 7 v\u00e4ikese s\u00f5\u00f5riku jaoks<\/span><\/p>\n<p>Mittenakkuv kate, 700 W,<\/p>","protected":false},"excerpt":{"rendered":"<p>Retrokujundusega Bestron s\u00f5\u00f5rikuvalmistaja, minis\u00f5\u00f5rikumasin 7 v\u00e4ikese s\u00f5\u00f5riku jaoks Mittenakkuv kate, 700 W,<\/p>","protected":false},"featured_media":1679,"comment_status":"open","ping_status":"closed","template":"","meta":[],"product_brand":[],"product_cat":[42],"product_tag":[],"class_list":{"0":"post-1680","1":"product","2":"type-product","3":"status-publish","4":"has-post-thumbnail","6":"product_cat-koogitarbed","8":"first","9":"instock","10":"shipping-taxable","11":"purchasable","12":"product-type-simple"},"aioseo_notices":[],"jetpack_sharing_enabled":true,"_links":{"self":[{"href":"https:\/\/leiuministeerium.ee\/en\/wp-json\/wp\/v2\/product\/1680"}],"collection":[{"href":"https:\/\/leiuministeerium.ee\/en\/wp-json\/wp\/v2\/product"}],"about":[{"href":"https:\/\/leiuministeerium.ee\/en\/wp-json\/wp\/v2\/types\/product"}],"replies":[{"embeddable":true,"href":"https:\/\/leiuministeerium.ee\/en\/wp-json\/wp\/v2\/comments?post=1680"}],"wp:featuredmedia":[{"embeddable":true,"href":"https:\/\/leiuministeerium.ee\/en\/wp-json\/wp\/v2\/media\/1679"}],"wp:attachment":[{"href":"https:\/\/leiuministeerium.ee\/en\/wp-json\/wp\/v2\/media?parent=1680"}],"wp:term":[{"taxonomy":"product_brand","embeddable":true,"href":"https:\/\/leiuministeerium.ee\/en\/wp-json\/wp\/v2\/product_brand?post=1680"},{"taxonomy":"product_cat","embeddable":true,"href":"https:\/\/leiuministeerium.ee\/en\/wp-json\/wp\/v2\/product_cat?post=1680"},{"taxonomy":"product_tag","embeddable":true,"href":"https:\/\/leiuministeerium.ee\/en\/wp-json\/wp\/v2\/product_tag?post=1680"}],"curies":[{"name":"wp","href":"https:\/\/api.w.org\/{rel}","templated":true}]}}