{"id":1678,"date":"2024-11-22T14:24:34","date_gmt":"2024-11-22T12:24:34","guid":{"rendered":"https:\/\/leiuministeerium.ee\/product\/soorikumasin-tarne-12-p\/"},"modified":"2025-01-14T07:45:44","modified_gmt":"2025-01-14T05:45:44","slug":"soorikumasin-tarne-12-p","status":"publish","type":"product","link":"https:\/\/leiuministeerium.ee\/en\/product\/soorikumasin-tarne-12-p\/","title":{"rendered":"S\u00f5\u00f5rikumasin \nTarne 12 p."},"content":{"rendered":"<p><span>Retrokujundusega Bestron s\u00f5\u00f5rikuvalmistaja, minis\u00f5\u00f5rikumasin 7 v\u00e4ikese s\u00f5\u00f5riku jaoks<\/p>\n<p>Mittenakkuv kate, 700 W,<\/span><\/p>","protected":false},"excerpt":{"rendered":"<p>Retrokujundusega Bestron s\u00f5\u00f5rikuvalmistaja, minis\u00f5\u00f5rikumasin 7 v\u00e4ikese s\u00f5\u00f5riku jaoks Mittenakkuv kate, 700 W,<\/p>","protected":false},"featured_media":1677,"comment_status":"open","ping_status":"closed","template":"","meta":[],"product_brand":[],"product_cat":[42],"product_tag":[],"class_list":{"0":"post-1678","1":"product","2":"type-product","3":"status-publish","4":"has-post-thumbnail","6":"product_cat-koogitarbed","8":"first","9":"instock","10":"shipping-taxable","11":"purchasable","12":"product-type-simple"},"aioseo_notices":[],"jetpack_sharing_enabled":true,"_links":{"self":[{"href":"https:\/\/leiuministeerium.ee\/en\/wp-json\/wp\/v2\/product\/1678"}],"collection":[{"href":"https:\/\/leiuministeerium.ee\/en\/wp-json\/wp\/v2\/product"}],"about":[{"href":"https:\/\/leiuministeerium.ee\/en\/wp-json\/wp\/v2\/types\/product"}],"replies":[{"embeddable":true,"href":"https:\/\/leiuministeerium.ee\/en\/wp-json\/wp\/v2\/comments?post=1678"}],"wp:featuredmedia":[{"embeddable":true,"href":"https:\/\/leiuministeerium.ee\/en\/wp-json\/wp\/v2\/media\/1677"}],"wp:attachment":[{"href":"https:\/\/leiuministeerium.ee\/en\/wp-json\/wp\/v2\/media?parent=1678"}],"wp:term":[{"taxonomy":"product_brand","embeddable":true,"href":"https:\/\/leiuministeerium.ee\/en\/wp-json\/wp\/v2\/product_brand?post=1678"},{"taxonomy":"product_cat","embeddable":true,"href":"https:\/\/leiuministeerium.ee\/en\/wp-json\/wp\/v2\/product_cat?post=1678"},{"taxonomy":"product_tag","embeddable":true,"href":"https:\/\/leiuministeerium.ee\/en\/wp-json\/wp\/v2\/product_tag?post=1678"}],"curies":[{"name":"wp","href":"https:\/\/api.w.org\/{rel}","templated":true}]}}