{"id":1426,"date":"2024-10-18T22:27:40","date_gmt":"2024-10-18T22:27:40","guid":{"rendered":"https:\/\/leiuministeerium.ee\/?page_id=1426"},"modified":"2024-10-18T22:30:24","modified_gmt":"2024-10-18T22:30:24","slug":"tingimused-ja-privaatsuspoliitika","status":"publish","type":"page","link":"https:\/\/leiuministeerium.ee\/en\/tingimused-ja-privaatsuspoliitika\/","title":{"rendered":"Tingimused ja privaatsuspoliitika"},"content":{"rendered":"<p>Veebipoe Leiuministeerium (edaspidi Veebipood) omanik on \u00d5ie Kasemaa Fie (registrikood 16855426), KM EE102682766 Tartu mnt1a,P\u00f5ltsamaa,J\u00f5gevamaa,48105<\/p><p>E-mail Leiuministeerium@outlook.com<br>Tel.nr +37256275824<\/p><p><strong>Tellides pakiautomaati v\u00f5i kulleriga on tellimuse ettevalmistuse aeg 2-6 p.kui pole m\u00e4rgitud toote infosse teisiti.Kui on tellimistega tooted,siis on tarne tellimuse tegemisest kuni 21 t\u00f6\u00f6p\u00e4eva.<\/strong><\/p><p><strong>Valides ise j\u00e4rele tulemise poodi, pakitakse tellimus 2 t\u00f6\u00f6p\u00e4eva jooksul.<\/strong><\/p><ul class=\"wp-block-list\"><li><strong>M\u00fc\u00fcgitingimused kehtivad Veebipoest kaupade ostmisel.<\/strong><\/li>\n\n<li><strong>Veebipoes m\u00fc\u00fcdavate toodete hinnad on m\u00e4rgitud toodete juurde. Hinnale lisandub tasu kauba k\u00e4ttetoimetamise eest. K\u00f5ik veebipoes m\u00fc\u00fcdavate kaupade hinnad on eurodes.<\/strong><\/li>\n\n<li><strong>Kauba k\u00e4ttetoimetamise tasu s\u00f5ltub ostja asukohast ning k\u00e4ttetoimetamise viisist.<\/strong><\/li>\n\n<li><strong>K\u00e4ttetoimetamise tasu kuvatakse ostjale tellimuse vormistamisel.<\/strong><\/li>\n\n<li><strong>Teave kauba kohta on esitatud Veebipoes vahetult kauba juures.<\/strong><\/li><\/ul><ul class=\"wp-block-list\"><li>Leiuministeerium t\u00fchistab tellimuse ja tagastab raha kliendile 1-3 t\u00f6\u00f6p\u00e4eva jooksul, kui makse tingimused pole t\u00e4idetud ja on ebakorrektsed (tasumata postikulu, vale arve number, puuduv arve number, makse t\u00e4htaeg \u00fcletatud jne)<ul class=\"wp-block-list\"><li><strong>Tasutud tellimustes muudatusi teha ei saa.<\/strong><\/li>\n\n<li><strong>Leiuministeerium v\u00f5ib keelduda kliendi tellimuse vastu v\u00f5tmisest v\u00f5i saatmisest, kui klient ei k\u00e4itu lugupidavalt ettev\u00f5tte suhtes.K\u00fclma ja kuumakartlike toodete puhul vastutab klient ise soovitud tarne ja sellest v\u00f5ivate probleemide tekkimise eest.Leiuministeerium(\u00d5ie Kasemaa fie)ei vastuta kui klient valib tarneviisi toodetele mis on k\u00fclma v\u00f5i kuumakartlikud ja sellest v\u00f5ivate probleemide eest(tooted sulanud v\u00f5i k\u00fclmunud vms).Tellimuse vormistamineKauba tellimiseks tuleb lisada soovitud tooted ostukorvi. Tellimuse vormistamiseks tuleb t\u00e4ita n\u00f5utud andmev\u00e4ljad ning valida sobiv toodete kogus,suurus,v\u00e4rv ja kohaletoimetamise viis.Seej\u00e4rel kuvatakse ekraanile tasu suurus, mille saab tasuda arvega v\u00f5i pangalingiga.Eesti pangalingid, Swedbank, SEB, LHV, Coop, LuminorMaksa hiljem lahendused: arve e-mailile. Tasuda tuleb arve \u00e4ra 48h jooksul. Tellimus t\u00fchistatakse, kui makse pole laekunud.NB! Pangalingiga tasumisel vajutada kindlasti panga lehel nupule \u201eTagasi kaupmehe juurde\u201c.Leping j\u00f5ustub alates tasumisele kuuluva summa laekumisest Veebipoe arvelduskontole.Kui tellitud kaupa ei ole v\u00f5imalik tarnida seoses kauba l\u00f5ppemisega v\u00f5i muul p\u00f5hjusel, teavitatakse sellest ostjat esimesel v\u00f5imalusel ning tagastatakse tasutud raha (sh kauba k\u00e4ttetoimetamise kulud) viivitamata, kuid mitte hiljem kui 1-7 t\u00f6\u00f6p\u00e4eva jooksul teate saatmisest.KohaletoimetamineKauba saatmiskulud kannab ostja ning vastav hinnainfo on kuvatud saatmisviisi juures.Kauba k\u00e4ttesaamiseks on ostjal j\u00e4rgnevad valikud: Itella, DPD,Omniva,UnisendKaupu saadetakse j\u00e4rgmistesse riikidesse: Eesti, SoomeEestisisesed saadetised j\u00f5uavad \u00fcldjuhul ostja m\u00e4\u00e4ratud sihtpunkti 3-8 t\u00f6\u00f6p\u00e4eva jooksul alates m\u00fc\u00fcgilepingu j\u00f5ustumist.V\u00e4ljaspool Eestit toimub kohaletoimetamine 14 kalendrip\u00e4eva jooksul.Taganemis\u00f5igusP\u00e4rast tellimuse k\u00e4ttesaamist on ostjal \u00f5igus e-poes s\u00f5lmitud lepingust taganeda 14 p\u00e4eva jooksul.14-p\u00e4evase tagastamis\u00f5iguse kasutamiseks ei tohi tellitud kaupa kasutada muul viisil kui on vajalik kauba olemuses, omadustes ja toimimises veendumiseks viisil nagu see on lubatud kauba testimiseks f\u00fc\u00fcsilises poes.Kui kaupa on kasutatud muuks otstarbeks kui on vajalik kauba olemuses, omadustes ja toimimises veendumiseks v\u00f5i sellel on kasutamise v\u00f5i kulumise m\u00e4rke, on Veebipoel \u00f5igus alandada tagastatavat tasu vastavalt kauba v\u00e4\u00e4rtuse v\u00e4henemisele.Arvestades h\u00fcgeenin\u00f5udeid, siis h\u00fcgieenitooteid, (k\u00f5ik mis sinna alla k\u00e4ivad,kehahooldustooted jms)tagasi ei v\u00f5eta ja raha ei tagstatata kui tooted on avatud ja proovitud\/kasutatud.Kauba tagastamiseks tuleb t\u00e4ita tellimuse taganemisavalduse vorm hiljemalt 14 p\u00e4eva jooksul kauba k\u00e4ttesaamisest.Kauba tagastamise kulud kannab ostja, v\u00e4lja arvatud juhul, kui tagastamise p\u00f5hjus seisneb asjaolus, et tagastamisele kuuluv asi ei vasta tellitule (nt vale v\u00f5i defektiga asi).Kauba \u00fcmber vahetamise kulud \u00a0kliendile uue toote saatmine) kannab ostja, v\u00e4lja arvatud juhul, kui \u00fcmber vahetamise p\u00f5hjus seisneb asjaolus, et tagastamisele kuuluv asi ei vasta tellitule (nt vale v\u00f5i defektiga asi).Ostja peab kauba tagastama avalduse esitamisele j\u00e4rgneva 14 p\u00e4eva jooksul v\u00f5i esitama t\u00f5endi, et ta on eelnimetatud perioodi jooksul kauba \u00fcle andnud kauba vedajale. Avalduse saab esitada siin:Leiuministeerium@outlook.com Veebipood tagastab tagastatava kauba k\u00e4ttesaamisel ostjale viivitamata, kuid mitte hiljem kui 14 p\u00e4eva m\u00f6\u00f6dumisel arvates taganemisavalduse saamisest, k\u00f5ik ostjalt lepingu alusel saadud tasud.Veebipood v\u00f5ib keelduda tagasimaksete tegemisest seni, kuni on lepingu esemeks oleva asja tagasi saanud v\u00f5i kuni ostja on esitanud t\u00f5endid, et on asja tagasi saatnud, s\u00f5ltuvalt sellest, kumb toimub varem.Veebipoel on \u00f5igus taganeda m\u00fc\u00fcgitehingust ja tagastada tellimuse summa v\u00f5i n\u00f5uda ostjalt tagasi kaup, kui kauba hind veebipoes on eksituse t\u00f5ttu oluliselt alla kauba turuhinnaVeebipood ei saada kaupa v\u00e4lja ja vajadusel t\u00fchistab tellimuse, kui eksituse t\u00f5ttu on toote hind 0\u20acKui klient ei l\u00e4he kaubale j\u00e4rgi v\u00f5i ei saada kullerpakki toimetada mitte Leiuministeeriumist s\u00f5ltuvatel p\u00f5hjustel ja saadetakse Leiuministeeriumile tagasi, siis kliendile tagastatakse automaatselt toodete maksumus ning arvestatakse maha kliendile saatmise postikulu + meile tagastuse postikulu.<br>Pretensiooni esitamise \u00f5igusVeebipood vastutab ostjale m\u00fc\u00fcdud kauba lepingutingimustele mittevastavuse v\u00f5i puuduse eest, mis oli olemas juba asja \u00fcleandmise hetkel ning mis ilmneb kuni kahe aasta jooksul, alates kauba \u00fcleandmisest ostjale. Sellest esimese aasta jooksul asja \u00fcleandmisest ostjale eeldatakse, et puudus oli olemas juba asja \u00fcleandmise ajal. Vastava eelduse \u00fcmberl\u00fckkamine on Veebipoe kohustus.Veebipood ei vastuta puuduste eest, mis on tekkinud p\u00e4rast kauba \u00fcleandmist ostjale.Kui Veebipoest ostetud kaubal on puudused, mille eest Veebipood vastutab, parandab v\u00f5i asendab Veebipood puudusega kauba. Kui kaupa ei ole v\u00f5imalik parandada ega asendada, tagastab Veebipood ostjale k\u00f5ik m\u00fc\u00fcgilepinguga kaasnenud tasud.Veebipood vastab tarbija esitatud kaebusele kirjalikult v\u00f5i kirjalikku taasesitamist v\u00f5imaldavas vormis 15 p\u00e4eva jooksul.Ostjal on \u00f5igus puuduse ilmnemisel p\u00f6\u00f6rduda hiljemalt kahe kuu jooksul veebipoe poole, saates e kirja aadressile Leiuministeerium@outlook.com\u00a0Andmete t\u00f6\u00f6tlemine\u00d5ie Kasemaa FIE on isikuandmete vastutav t\u00f6\u00f6tleja, \u00d5ie Kasemaa FIE edastab maksete teostamiseks vajalikud isikuandmed volitatud t\u00f6\u00f6tleja Maksekeskus AS-ile.<br>Vaidluste lahendamineKui ostjal on Veebipoe osas pretensioone, tuleb need saata e-kirja aadressile Leiuministeerium@outlook.comKui Ostja ja Leiuministeerium ei suuda lahenda vaidlust kokkuleppe teel, siis on Ostjal v\u00f5imalik p\u00f6\u00f6rduda Tarbijavaidluste komisjoni poole. Tarbijavaidluste komisjon tegutseb Tarbijakaitse ja Tehnilise J\u00e4relvalve Ameti juures, mis asub aadressil Endla 10a, 10122 Tallinn, telefon:\u00a0<a href=\"tel:620 1707\">620 1707<\/a>, e-post:\u00a0<a href=\"mailto:info@ttja.ee\">info@ttja.ee<\/a>. \u00a0Tarbijavaidluste komisjoni p\u00e4devuses on lahendada Ostja ja Leiuministeeriumi vahel s\u00f5lmitud lepingust tulenevaid vaidlusi. Ostja kaebuse l\u00e4bivaatamine komisjonis on tasuta.<\/strong><\/li><\/ul><\/li><\/ul><h3 class=\"wp-block-heading\" id=\"privaatsuspoliitika-n\u00e4idis\">Privaatsuspoliitika<\/h3><p><strong>1. \u00dclds\u00e4tted<\/strong><\/p><p>1.1. K\u00e4esolev privaatsuspoliitika reguleerib isikuandmete kogumist, t\u00f6\u00f6tlemist ja s\u00e4ilitamist k\u00e4sitlevaid p\u00f5him\u00f5tteid. Isikuandmeid kogub t\u00f6\u00f6tleb ja s\u00e4ilitab isikuandmete vastutav t\u00f6\u00f6tleja&nbsp;<strong>\u00d5ie Kasemaa Fie&nbsp;<\/strong><\/p><p>1.2. Andmesubjekt privaatsuspoliitika t\u00e4henduses on klient v\u00f5i muu f\u00fc\u00fcsiline isik, kelle isikuandmeid andmet\u00f6\u00f6tleja t\u00f6\u00f6tleb.<\/p><p>1.3. Klient privaatsuspoliitika t\u00e4henduses on iga\u00fcks, kes ostab andmet\u00f6\u00f6tleja kodulehelt kaupu v\u00f5i teenuseid.<\/p><p>1.4. Andmet\u00f6\u00f6tleja j\u00e4rgib \u00f5igusaktides s\u00e4testatud andmete t\u00f6\u00f6tlemise p\u00f5him\u00f5tteid, muuhulgas t\u00f6\u00f6tleb andmet\u00f6\u00f6tleja isikuandmeid seaduslikult, \u00f5iglaselt ja turvaliselt. Andmet\u00f6\u00f6tleja on v\u00f5imeline kinnitama, et isikuandmeid on t\u00f6\u00f6deldud vastavalt \u00f5igusaktides s\u00e4testatule.<\/p><p><strong>2. Isikuandmete kogumine, t\u00f6\u00f6tlemine ja s\u00e4ilitamine<\/strong><\/p><p>2.1. Isikuandmed, mida andmet\u00f6\u00f6tleja kogub, t\u00f6\u00f6tleb ja s\u00e4ilitab, on kogutud elektrooniliselt, peamiselt kodulehe ja e-posti vahendusel.<strong>&nbsp;<\/strong><\/p><p>2.2. Oma isikuandmete jagamisega annab andmesubjekt andmet\u00f6\u00f6tlejale \u00f5iguse koguda, korraldada, kasutada ja hallata privaatsuspoliitikas m\u00e4\u00e4ratletud eesm\u00e4rgil isikuandmeid, mida andmesubjekt otse v\u00f5i kaudselt kodulehel kaupu v\u00f5i teenuseid ostes andmet\u00f6\u00f6tlejale jagab.<\/p><p>2.3. Andmesubjekt vastutab selle eest, et tema poolt esitatud andmed oleksid t\u00e4psed, \u00f5iged ja terviklikud. Teadlikult valeandmete esitamist peetakse privaatsuspoliitika rikkumiseks. Andmesubjekt on kohustatud andmet\u00f6\u00f6tlejat viivitamatult teavitama esitatud andmete muutumisest.<\/p><p>2.4. Andmet\u00f6\u00f6tleja ei vastuta andmesubjekti poolt valeandmete esitamisest p\u00f5hjustatud kahju eest andmesubjektile v\u00f5i kolmandatele osapooltele.<\/p><p><strong>3. Klientide isikuandmete t\u00f6\u00f6tlemine<\/strong><\/p><p>3.1. Andmet\u00f6\u00f6tleja v\u00f5ib t\u00f6\u00f6delda j\u00e4rgnevaid andmesubjekti isikuandmeid:<\/p><p>3.1.1. Ees- ja perekonnanimi;<\/p><p>3.1.2. S\u00fcnnikuup\u00e4ev;<\/p><p>3.1.3. Telefoninumber;<\/p><p>3.1.4. E-posti aadress;<\/p><p>3.1.5. Kohaletoimetamise aadress;<\/p><p>3.1.6. Arvelduskonto number;<\/p><p>3.1.7. Maksekaardi detailid;<\/p><p><strong>T\u00c4IENDADA LOETELU VASTAVALT SELLELE, MILLISEID ANDMEID VEEL T\u00d6\u00d6DELDAKSE. EEMALDAGE KUI MIDAGI SELLEST LOETELUST EI KOGUTA.<\/strong><\/p><p>3.2. Lisaks eeltoodule on andmet\u00f6\u00f6tlejal \u00f5igus koguda kliendi kohta andmeid, mis on k\u00e4ttesaadavad avalikes registrites.<\/p><p>3.3. Isikuandmete t\u00f6\u00f6tlemise \u00f5iguslik alus on isikuandmete kaitse \u00fcldm\u00e4\u00e4ruse paragrahv 6 lg 1 p-d a), b), c) ja f):<\/p><p>a) andmesubjekt on andnud n\u00f5usoleku t\u00f6\u00f6delda oma isikuandmeid \u00fchel v\u00f5i mitmel konkreetsel eesm\u00e4rgil;<\/p><p>b) isikuandmete t\u00f6\u00f6tlemine on vajalik andmesubjekti osalusel s\u00f5lmitud lepingu t\u00e4itmiseks v\u00f5i lepingu s\u00f5lmimisele eelnevate meetmete v\u00f5tmiseks vastavalt andmesubjekti taotlusele;<\/p><p>c) isikuandmete t\u00f6\u00f6tlemine on vajalik vastutava t\u00f6\u00f6tleja juriidilise kohustuse t\u00e4itmiseks;<\/p><p>f) isikuandmete t\u00f6\u00f6tlemine on vajalik vastutava t\u00f6\u00f6tleja v\u00f5i kolmanda isiku \u00f5igustatud huvi korral, v\u00e4lja arvatud juhul, kui sellise huvi kaaluvad \u00fcles andmesubjekti huvid v\u00f5i p\u00f5hi\u00f5igused ja -vabadused, mille nimel tuleb kaitsta isikuandmeid, eriti juhul kui andmesubjekt on laps.<\/p><p>3.4. Isikuandmete t\u00f6\u00f6tlemine vastavalt t\u00f6\u00f6tlemise eesm\u00e4rgile:<\/p><p>3.4.1. T\u00f6\u00f6tlemise eesm\u00e4rk \u2013 julgeolek ja turvalisus<br>Isikuandmete s\u00e4ilitamise maksimaalne aeg \u2013 vastavalt seaduses nimetatud t\u00e4htaegadele<\/p><p>3.4.2. T\u00f6\u00f6tlemise eesm\u00e4rk \u2013 tellimuse t\u00f6\u00f6tlemine<br>Isikuandmete s\u00e4ilitamise maksimaalne aeg \u2013<strong>&nbsp;kuni&nbsp;<em>1 (\u00fcks) aasta<\/em><\/strong><\/p><p>3.4.3. T\u00f6\u00f6tlemise eesm\u00e4rk \u2013 e-poe teenuste toimimise tagamine<br>Isikuandmete s\u00e4ilitamise maksimaalne aeg \u2013&nbsp;<strong>kuni&nbsp;<em>1 (\u00fcks) aasta<\/em><\/strong><\/p><p>3.4.4. T\u00f6\u00f6tlemise eesm\u00e4rk \u2013 kliendihaldus<br>Isikuandmete s\u00e4ilitamise maksimaalne aeg \u2013<strong>kuni&nbsp;<em>1 (\u00fcks) aasta<\/em><\/strong><\/p><p>3.4.5. T\u00f6\u00f6tlemise eesm\u00e4rk \u2013 finantstegevus, raamatupidamine<br>Isikuandmete s\u00e4ilitamise maksimaalne aeg \u2013 vastavalt seaduses nimetatud t\u00e4htaegadele<\/p><p>3.4.6. T\u00f6\u00f6tlemise eesm\u00e4rk \u2013 turundus<br>Isikuandmete s\u00e4ilitamise maksimaalne aeg \u2013&nbsp;<strong>(M\u00c4RGI, KUI KAUA S\u00c4ILITATAKSE)<\/strong><br><strong>NB! S\u00d5LTUVALT ANDMET\u00d6\u00d6TLEJAST V\u00d5IB OLLA VAJALIK EELNIMETATUD LOETELU T\u00c4IENDADA<\/strong><\/p><p>3.5. Andmet\u00f6\u00f6tlejal on \u00f5igus klientide isikuandmeid jagada kolmandate isikutega, kelleks on n\u00e4iteks volitatud andmet\u00f6\u00f6tlejad, raamatupidajad, transpordi- ja kullerettev\u00f5tted, \u00fclekandeteenuseid pakkuvad ettev\u00f5tted Andmet\u00f6\u00f6tleja on isikuandmete vastutav t\u00f6\u00f6tleja. Andmet\u00f6\u00f6tleja edastab maksete teostamiseks vajalikud isikuandmed volitatud t\u00f6\u00f6tleja Maksekeskus AS-ile.<\/p><p>3.6. Andmesubjekti isikuandmete t\u00f6\u00f6tlemisel ja s\u00e4ilitamisel rakendab andmet\u00f6\u00f6tleja organisatoorseid ja tehnilisi meetmeid, mis tagavad isikuandmete kaitse juhusliku v\u00f5i ebaseadusliku h\u00e4vitamise, muutmise, avalikustamise ja mis tahes muu ebaseadusliku t\u00f6\u00f6tlemise eest.<\/p><p>3.7. Andmet\u00f6\u00f6tleja s\u00e4ilitab andmesubjektide andmeid s\u00f5ltuvalt t\u00f6\u00f6tlemise eesm\u00e4rgist, kuid mitte kauem kui 2(kaks)&nbsp;aastat.<\/p><p><strong>4. Andmesubjekti \u00f5igused<\/strong><\/p><p>4.1. Andmesubjektil on \u00f5igus saada ligip\u00e4\u00e4s oma isikuandmetele ning nendega tutvuda.<\/p><p>4.2. Andmesubjektil on \u00f5igus saada informatsiooni tema isikuandmete t\u00f6\u00f6tlemise kohta.<\/p><p>4.3. Andmesubjektil on \u00f5igus t\u00e4iendada v\u00f5i parandada ebat\u00e4pseid andmeid.<\/p><p>4.4. Kui andmet\u00f6\u00f6tleja t\u00f6\u00f6tleb andmesubjekti isikuandmeid andmesubjekti n\u00f5usoleku alusel, siis on andmesubjektil \u00f5igus igal ajal n\u00f5usolek tagasi v\u00f5tta.<\/p><p>4.5. Andmesubjekt saab \u00f5iguste teostamiseks p\u00f6\u00f6rduda e-poe klienditoe poole aadressil&nbsp; leiuministeerium@outlook.com<\/p><p>4.6. Andmesubjektil on oma \u00f5iguste kaitseks v\u00f5imalik esitada kaebus Andmekaitse Inspektsioonile.<\/p><p><strong>5. L\u00f5pps\u00e4tted<\/strong><\/p><p>5.1. K\u00e4esolevad andmekaitsetingimused on koostatud koosk\u00f5las Euroopa Parlamendi ja n\u00f5ukogu m\u00e4\u00e4rusega (EL) nr 2016\/679 f\u00fc\u00fcsiliste isikute kaitse kohta isikuandmete t\u00f6\u00f6tlemisel ja selliste andmete vaba liikumise ning direktiivi 95\/46 \/ E\u00dc kehtetuks tunnistamise kohta \/ E\u00dc (isikuandmete kaitse \u00fcldm\u00e4\u00e4rus), Eesti Vabariigi isikuandmete kaitse seadusega ning Eesti Vabariigi ja Euroopa Liidu \u00f5igusaktidega.<\/p><p>5.2. Andmet\u00f6\u00f6tlejal on \u00f5igus andmekaitsetingimusi osaliselt v\u00f5i t\u00e4ielikult muuta, teavitades andmesubjekte muudatustest kodulehe&nbsp;<strong>https:\/\/www.leiuministeerium.ee&nbsp;<\/strong>kaudu.<\/p>","protected":false},"excerpt":{"rendered":"<p>Veebipoe Leiuministeerium (edaspidi Veebipood) omanik on \u00d5ie Kasemaa Fie (registrikood 16855426), KM EE102682766 Tartu mnt1a,P\u00f5ltsamaa,J\u00f5gevamaa,48105 E-mail Leiuministeerium@outlook.comTel.nr +37256275824 Tellides pakiautomaati v\u00f5i kulleriga on tellimuse ettevalmistuse aeg 2-6 p.kui pole m\u00e4rgitud toote infosse teisiti.Kui on tellimistega tooted,siis on tarne tellimuse tegemisest kuni 21 t\u00f6\u00f6p\u00e4eva. Valides ise j\u00e4rele tulemise poodi, pakitakse tellimus 2 t\u00f6\u00f6p\u00e4eva jooksul. Privaatsuspoliitika 1. \u00dclds\u00e4tted 1.1. K\u00e4esolev privaatsuspoliitika reguleerib isikuandmete kogumist, t\u00f6\u00f6tlemist ja s\u00e4ilitamist k\u00e4sitlevaid p\u00f5him\u00f5tteid. Isikuandmeid kogub t\u00f6\u00f6tleb ja s\u00e4ilitab isikuandmete vastutav t\u00f6\u00f6tleja&nbsp;\u00d5ie Kasemaa Fie&nbsp; 1.2. Andmesubjekt privaatsuspoliitika t\u00e4henduses on klient v\u00f5i muu f\u00fc\u00fcsiline isik, kelle isikuandmeid andmet\u00f6\u00f6tleja t\u00f6\u00f6tleb. 1.3. Klient privaatsuspoliitika t\u00e4henduses on iga\u00fcks, kes ostab andmet\u00f6\u00f6tleja kodulehelt kaupu v\u00f5i teenuseid. 1.4. Andmet\u00f6\u00f6tleja j\u00e4rgib \u00f5igusaktides s\u00e4testatud andmete t\u00f6\u00f6tlemise p\u00f5him\u00f5tteid, muuhulgas t\u00f6\u00f6tleb andmet\u00f6\u00f6tleja isikuandmeid seaduslikult, \u00f5iglaselt ja turvaliselt. Andmet\u00f6\u00f6tleja on v\u00f5imeline kinnitama, et isikuandmeid on t\u00f6\u00f6deldud vastavalt \u00f5igusaktides s\u00e4testatule. 2. Isikuandmete kogumine, t\u00f6\u00f6tlemine ja s\u00e4ilitamine 2.1. Isikuandmed, mida andmet\u00f6\u00f6tleja kogub, t\u00f6\u00f6tleb ja s\u00e4ilitab, on kogutud elektrooniliselt, peamiselt kodulehe ja e-posti vahendusel.&nbsp; 2.2. Oma isikuandmete jagamisega annab andmesubjekt andmet\u00f6\u00f6tlejale \u00f5iguse koguda, korraldada, kasutada ja hallata privaatsuspoliitikas m\u00e4\u00e4ratletud eesm\u00e4rgil isikuandmeid, mida andmesubjekt otse v\u00f5i kaudselt kodulehel kaupu v\u00f5i teenuseid ostes andmet\u00f6\u00f6tlejale jagab. 2.3. Andmesubjekt vastutab selle eest, et tema poolt esitatud andmed oleksid t\u00e4psed, \u00f5iged ja terviklikud. Teadlikult valeandmete esitamist peetakse privaatsuspoliitika rikkumiseks. Andmesubjekt on kohustatud andmet\u00f6\u00f6tlejat viivitamatult teavitama esitatud andmete muutumisest. 2.4. Andmet\u00f6\u00f6tleja ei vastuta andmesubjekti poolt valeandmete esitamisest p\u00f5hjustatud kahju eest andmesubjektile v\u00f5i kolmandatele osapooltele. 3. Klientide isikuandmete t\u00f6\u00f6tlemine 3.1. Andmet\u00f6\u00f6tleja v\u00f5ib t\u00f6\u00f6delda j\u00e4rgnevaid andmesubjekti isikuandmeid: 3.1.1. Ees- ja perekonnanimi; 3.1.2. S\u00fcnnikuup\u00e4ev; 3.1.3. Telefoninumber; 3.1.4. E-posti aadress; 3.1.5. Kohaletoimetamise aadress; 3.1.6. Arvelduskonto number; 3.1.7. Maksekaardi detailid; T\u00c4IENDADA LOETELU VASTAVALT SELLELE, MILLISEID ANDMEID VEEL T\u00d6\u00d6DELDAKSE. EEMALDAGE KUI MIDAGI SELLEST LOETELUST EI KOGUTA. 3.2. Lisaks eeltoodule on andmet\u00f6\u00f6tlejal \u00f5igus koguda kliendi kohta andmeid, mis on k\u00e4ttesaadavad avalikes registrites. 3.3. Isikuandmete t\u00f6\u00f6tlemise \u00f5iguslik alus on isikuandmete kaitse \u00fcldm\u00e4\u00e4ruse paragrahv 6 lg 1 p-d a), b), c) ja f): a) andmesubjekt on andnud n\u00f5usoleku t\u00f6\u00f6delda oma isikuandmeid \u00fchel v\u00f5i mitmel konkreetsel eesm\u00e4rgil; b) isikuandmete t\u00f6\u00f6tlemine on vajalik andmesubjekti osalusel s\u00f5lmitud lepingu t\u00e4itmiseks v\u00f5i lepingu s\u00f5lmimisele eelnevate meetmete v\u00f5tmiseks vastavalt andmesubjekti taotlusele; c) isikuandmete t\u00f6\u00f6tlemine on vajalik vastutava t\u00f6\u00f6tleja juriidilise kohustuse t\u00e4itmiseks; f) isikuandmete t\u00f6\u00f6tlemine on vajalik vastutava t\u00f6\u00f6tleja v\u00f5i kolmanda isiku \u00f5igustatud huvi korral, v\u00e4lja arvatud juhul, kui sellise huvi kaaluvad \u00fcles andmesubjekti huvid v\u00f5i p\u00f5hi\u00f5igused ja -vabadused, mille nimel tuleb kaitsta isikuandmeid, eriti juhul kui andmesubjekt on laps. 3.4. Isikuandmete t\u00f6\u00f6tlemine vastavalt t\u00f6\u00f6tlemise eesm\u00e4rgile: 3.4.1. T\u00f6\u00f6tlemise eesm\u00e4rk \u2013 julgeolek ja turvalisusIsikuandmete s\u00e4ilitamise maksimaalne aeg \u2013 vastavalt seaduses nimetatud t\u00e4htaegadele 3.4.2. T\u00f6\u00f6tlemise eesm\u00e4rk \u2013 tellimuse t\u00f6\u00f6tlemineIsikuandmete s\u00e4ilitamise maksimaalne aeg \u2013&nbsp;kuni&nbsp;1 (\u00fcks) aasta 3.4.3. T\u00f6\u00f6tlemise eesm\u00e4rk \u2013 e-poe teenuste toimimise tagamineIsikuandmete s\u00e4ilitamise maksimaalne aeg \u2013&nbsp;kuni&nbsp;1 (\u00fcks) aasta 3.4.4. T\u00f6\u00f6tlemise eesm\u00e4rk \u2013 kliendihaldusIsikuandmete s\u00e4ilitamise maksimaalne aeg \u2013kuni&nbsp;1 (\u00fcks) aasta 3.4.5. T\u00f6\u00f6tlemise eesm\u00e4rk \u2013 finantstegevus, raamatupidamineIsikuandmete s\u00e4ilitamise maksimaalne aeg \u2013 vastavalt seaduses nimetatud t\u00e4htaegadele 3.4.6. T\u00f6\u00f6tlemise eesm\u00e4rk \u2013 turundusIsikuandmete s\u00e4ilitamise maksimaalne aeg \u2013&nbsp;(M\u00c4RGI, KUI KAUA S\u00c4ILITATAKSE)NB! S\u00d5LTUVALT ANDMET\u00d6\u00d6TLEJAST V\u00d5IB OLLA VAJALIK EELNIMETATUD LOETELU T\u00c4IENDADA 3.5. Andmet\u00f6\u00f6tlejal on \u00f5igus klientide isikuandmeid jagada kolmandate isikutega, kelleks on n\u00e4iteks volitatud andmet\u00f6\u00f6tlejad, raamatupidajad, transpordi- ja kullerettev\u00f5tted, \u00fclekandeteenuseid pakkuvad ettev\u00f5tted Andmet\u00f6\u00f6tleja on isikuandmete vastutav t\u00f6\u00f6tleja. Andmet\u00f6\u00f6tleja edastab maksete teostamiseks vajalikud isikuandmed volitatud t\u00f6\u00f6tleja Maksekeskus AS-ile. 3.6. Andmesubjekti isikuandmete t\u00f6\u00f6tlemisel ja s\u00e4ilitamisel rakendab andmet\u00f6\u00f6tleja organisatoorseid ja tehnilisi meetmeid, mis tagavad isikuandmete kaitse juhusliku v\u00f5i ebaseadusliku h\u00e4vitamise, muutmise, avalikustamise ja mis tahes muu ebaseadusliku t\u00f6\u00f6tlemise eest. 3.7. Andmet\u00f6\u00f6tleja s\u00e4ilitab andmesubjektide andmeid s\u00f5ltuvalt t\u00f6\u00f6tlemise eesm\u00e4rgist, kuid mitte kauem kui 2(kaks)&nbsp;aastat. 4. Andmesubjekti \u00f5igused 4.1. Andmesubjektil on \u00f5igus saada ligip\u00e4\u00e4s oma isikuandmetele ning nendega tutvuda. 4.2. Andmesubjektil on \u00f5igus saada informatsiooni tema isikuandmete t\u00f6\u00f6tlemise kohta. 4.3. Andmesubjektil on \u00f5igus t\u00e4iendada v\u00f5i parandada ebat\u00e4pseid andmeid. 4.4. Kui andmet\u00f6\u00f6tleja t\u00f6\u00f6tleb andmesubjekti isikuandmeid andmesubjekti n\u00f5usoleku alusel, siis on andmesubjektil \u00f5igus igal ajal n\u00f5usolek tagasi v\u00f5tta. 4.5. Andmesubjekt saab \u00f5iguste teostamiseks p\u00f6\u00f6rduda e-poe klienditoe poole aadressil&nbsp; leiuministeerium@outlook.com 4.6. Andmesubjektil on oma \u00f5iguste kaitseks v\u00f5imalik esitada kaebus Andmekaitse Inspektsioonile. 5. L\u00f5pps\u00e4tted 5.1. K\u00e4esolevad andmekaitsetingimused on koostatud koosk\u00f5las Euroopa Parlamendi ja n\u00f5ukogu m\u00e4\u00e4rusega (EL) nr 2016\/679 f\u00fc\u00fcsiliste isikute kaitse kohta isikuandmete t\u00f6\u00f6tlemisel ja selliste andmete vaba liikumise ning direktiivi 95\/46 \/ E\u00dc kehtetuks tunnistamise kohta \/ E\u00dc (isikuandmete kaitse \u00fcldm\u00e4\u00e4rus), Eesti Vabariigi isikuandmete kaitse seadusega ning Eesti Vabariigi ja Euroopa Liidu \u00f5igusaktidega. 5.2. Andmet\u00f6\u00f6tlejal on \u00f5igus andmekaitsetingimusi osaliselt v\u00f5i t\u00e4ielikult muuta, teavitades andmesubjekte muudatustest kodulehe&nbsp;https:\/\/www.leiuministeerium.ee&nbsp;kaudu.<\/p>","protected":false},"author":1,"featured_media":0,"parent":0,"menu_order":0,"comment_status":"closed","ping_status":"closed","template":"","meta":{"footnotes":""},"class_list":["post-1426","page","type-page","status-publish","hentry"],"blocksy_meta":[],"aioseo_notices":[],"jetpack_sharing_enabled":true,"_links":{"self":[{"href":"https:\/\/leiuministeerium.ee\/en\/wp-json\/wp\/v2\/pages\/1426"}],"collection":[{"href":"https:\/\/leiuministeerium.ee\/en\/wp-json\/wp\/v2\/pages"}],"about":[{"href":"https:\/\/leiuministeerium.ee\/en\/wp-json\/wp\/v2\/types\/page"}],"author":[{"embeddable":true,"href":"https:\/\/leiuministeerium.ee\/en\/wp-json\/wp\/v2\/users\/1"}],"replies":[{"embeddable":true,"href":"https:\/\/leiuministeerium.ee\/en\/wp-json\/wp\/v2\/comments?post=1426"}],"version-history":[{"count":2,"href":"https:\/\/leiuministeerium.ee\/en\/wp-json\/wp\/v2\/pages\/1426\/revisions"}],"predecessor-version":[{"id":1429,"href":"https:\/\/leiuministeerium.ee\/en\/wp-json\/wp\/v2\/pages\/1426\/revisions\/1429"}],"wp:attachment":[{"href":"https:\/\/leiuministeerium.ee\/en\/wp-json\/wp\/v2\/media?parent=1426"}],"curies":[{"name":"wp","href":"https:\/\/api.w.org\/{rel}","templated":true}]}}